{"id":71,"date":"2024-07-19T14:46:46","date_gmt":"2024-07-19T12:46:46","guid":{"rendered":"https:\/\/martamitxelena.com\/?page_id=71"},"modified":"2024-11-08T11:40:04","modified_gmt":"2024-11-08T10:40:04","slug":"que-es-la-terapia","status":"publish","type":"page","link":"https:\/\/martamitxelena.com\/es\/que-es-la-terapia\/","title":{"rendered":"\u00bfQu\u00e9 es la terapia?"},"content":{"rendered":"\t\t<div data-elementor-type=\"wp-page\" data-elementor-id=\"71\" class=\"elementor elementor-71\" data-elementor-post-type=\"page\">\n\t\t\t\t<div class=\"elementor-element elementor-element-0f3bc73 e-flex e-con-boxed e-con e-parent\" data-id=\"0f3bc73\" data-element_type=\"container\" data-settings=\"{&quot;background_background&quot;:&quot;classic&quot;,&quot;shape_divider_bottom&quot;:&quot;waves&quot;}\">\n\t\t\t\t\t<div class=\"e-con-inner\">\n\t\t\t\t<div class=\"elementor-shape elementor-shape-bottom\" aria-hidden=\"true\" data-negative=\"false\">\n\t\t\t<svg xmlns=\"http:\/\/www.w3.org\/2000\/svg\" viewBox=\"0 0 1000 100\" preserveAspectRatio=\"none\">\n\t<path class=\"elementor-shape-fill\" d=\"M421.9,6.5c22.6-2.5,51.5,0.4,75.5,5.3c23.6,4.9,70.9,23.5,100.5,35.7c75.8,32.2,133.7,44.5,192.6,49.7\n\tc23.6,2.1,48.7,3.5,103.4-2.5c54.7-6,106.2-25.6,106.2-25.6V0H0v30.3c0,0,72,32.6,158.4,30.5c39.2-0.7,92.8-6.7,134-22.4\n\tc21.2-8.1,52.2-18.2,79.7-24.2C399.3,7.9,411.6,7.5,421.9,6.5z\"\/>\n<\/svg>\t\t<\/div>\n\t\t<div class=\"elementor-element elementor-element-03781fe e-con-full e-flex e-con e-child\" data-id=\"03781fe\" data-element_type=\"container\">\n\t\t\t\t<div class=\"elementor-element elementor-element-60fa20d elementor-widget__width-initial elementor-widget elementor-widget-heading\" data-id=\"60fa20d\" data-element_type=\"widget\" data-widget_type=\"heading.default\">\n\t\t\t\t<div class=\"elementor-widget-container\">\n\t\t\t\t\t<h1 class=\"elementor-heading-title elementor-size-default\">\u00bfQu\u00e9 es la terapia?<\/h1>\t\t\t\t<\/div>\n\t\t\t\t<\/div>\n\t\t\t\t<div class=\"elementor-element elementor-element-a29d14b elementor-widget elementor-widget-text-editor\" data-id=\"a29d14b\" data-element_type=\"widget\" data-widget_type=\"text-editor.default\">\n\t\t\t\t<div class=\"elementor-widget-container\">\n\t\t\t\t\t\t\t\t\t<p>La terapia es un proceso a traves del cual, con ayuda del terapeuta, permite explorar estilos de pensamiento, respuestas emocionales y patrones de comportamientos que a menudo suelen ser r\u00edgidos y por ende insatisfactorios para poder responder a las necesidades del presente de una manera ecol\u00f3gica para la persona y su entorno. La idea es poder flexibilizar las creencias disfuncionales, as\u00ed como las respuestas emocionales y comportamentales que nos bloquean y nos aislan para poder vivir desde un lugar de mayor seguridad y confianza, poniendo por delante el bienestar propio y por ende, el bienestar de la gente que nos rodea.<\/p>\t\t\t\t\t\t\t\t<\/div>\n\t\t\t\t<\/div>\n\t\t\t\t<\/div>\n\t\t\t\t\t<\/div>\n\t\t\t\t<\/div>\n\t\t<div class=\"elementor-element elementor-element-a661c15 e-flex e-con-boxed e-con e-parent\" data-id=\"a661c15\" data-element_type=\"container\">\n\t\t\t\t\t<div class=\"e-con-inner\">\n\t\t<div class=\"elementor-element elementor-element-1492e03 e-con-full e-flex e-con e-child\" data-id=\"1492e03\" data-element_type=\"container\">\n\t\t\t\t<div class=\"elementor-element elementor-element-d00e56c elementor-widget elementor-widget-image\" data-id=\"d00e56c\" data-element_type=\"widget\" data-widget_type=\"image.default\">\n\t\t\t\t<div class=\"elementor-widget-container\">\n\t\t\t\t\t\t\t\t\t\t\t\t\t\t\t<img fetchpriority=\"high\" decoding=\"async\" width=\"406\" height=\"266\" src=\"https:\/\/martamitxelena.com\/wp-content\/uploads\/2024\/11\/imagen-web-4.jpeg\" class=\"attachment-full size-full wp-image-258\" alt=\"\" srcset=\"https:\/\/martamitxelena.com\/wp-content\/uploads\/2024\/11\/imagen-web-4.jpeg 406w, https:\/\/martamitxelena.com\/wp-content\/uploads\/2024\/11\/imagen-web-4-300x197.jpeg 300w\" sizes=\"(max-width: 406px) 100vw, 406px\" \/>\t\t\t\t\t\t\t\t\t\t\t\t\t\t\t<\/div>\n\t\t\t\t<\/div>\n\t\t\t\t<div class=\"elementor-element elementor-element-626e714 elementor-widget elementor-widget-heading\" data-id=\"626e714\" data-element_type=\"widget\" data-widget_type=\"heading.default\">\n\t\t\t\t<div class=\"elementor-widget-container\">\n\t\t\t\t\t<h3 class=\"elementor-heading-title elementor-size-default\"><a href=\"https:\/\/martamitxelena.com\/servicios\/\">Terapia individual<\/a><\/h3>\t\t\t\t<\/div>\n\t\t\t\t<\/div>\n\t\t\t\t<\/div>\n\t\t<div class=\"elementor-element elementor-element-6b7dd3b e-con-full e-flex e-con e-child\" data-id=\"6b7dd3b\" data-element_type=\"container\">\n\t\t\t\t<div class=\"elementor-element elementor-element-f708cff elementor-widget elementor-widget-image\" data-id=\"f708cff\" data-element_type=\"widget\" data-widget_type=\"image.default\">\n\t\t\t\t<div class=\"elementor-widget-container\">\n\t\t\t\t\t\t\t\t\t\t\t\t\t\t\t<img decoding=\"async\" width=\"474\" height=\"330\" src=\"https:\/\/martamitxelena.com\/wp-content\/uploads\/2024\/11\/imagen-web-1.jpeg\" class=\"attachment-full size-full wp-image-257\" alt=\"\" srcset=\"https:\/\/martamitxelena.com\/wp-content\/uploads\/2024\/11\/imagen-web-1.jpeg 474w, https:\/\/martamitxelena.com\/wp-content\/uploads\/2024\/11\/imagen-web-1-300x209.jpeg 300w\" sizes=\"(max-width: 474px) 100vw, 474px\" \/>\t\t\t\t\t\t\t\t\t\t\t\t\t\t\t<\/div>\n\t\t\t\t<\/div>\n\t\t\t\t<div class=\"elementor-element elementor-element-2ae49d6 elementor-widget elementor-widget-heading\" data-id=\"2ae49d6\" data-element_type=\"widget\" data-widget_type=\"heading.default\">\n\t\t\t\t<div class=\"elementor-widget-container\">\n\t\t\t\t\t<h3 class=\"elementor-heading-title elementor-size-default\"><a href=\"https:\/\/martamitxelena.com\/servicios\/\">Terapia de pareja<\/a><\/h3>\t\t\t\t<\/div>\n\t\t\t\t<\/div>\n\t\t\t\t<\/div>\n\t\t<div class=\"elementor-element elementor-element-d1fc521 e-con-full e-flex e-con e-child\" data-id=\"d1fc521\" data-element_type=\"container\">\n\t\t\t\t<div class=\"elementor-element elementor-element-b045ea9 elementor-widget elementor-widget-image\" data-id=\"b045ea9\" data-element_type=\"widget\" data-widget_type=\"image.default\">\n\t\t\t\t<div class=\"elementor-widget-container\">\n\t\t\t\t\t\t\t\t\t\t\t\t\t\t\t<img decoding=\"async\" width=\"475\" height=\"363\" src=\"https:\/\/martamitxelena.com\/wp-content\/uploads\/2024\/11\/imagen-web-5.jpg\" class=\"attachment-full size-full wp-image-256\" alt=\"\" srcset=\"https:\/\/martamitxelena.com\/wp-content\/uploads\/2024\/11\/imagen-web-5.jpg 475w, https:\/\/martamitxelena.com\/wp-content\/uploads\/2024\/11\/imagen-web-5-300x229.jpg 300w\" sizes=\"(max-width: 475px) 100vw, 475px\" \/>\t\t\t\t\t\t\t\t\t\t\t\t\t\t\t<\/div>\n\t\t\t\t<\/div>\n\t\t\t\t<div class=\"elementor-element elementor-element-29161c9 elementor-widget elementor-widget-heading\" data-id=\"29161c9\" data-element_type=\"widget\" data-widget_type=\"heading.default\">\n\t\t\t\t<div class=\"elementor-widget-container\">\n\t\t\t\t\t<h3 class=\"elementor-heading-title elementor-size-default\"><a href=\"https:\/\/martamitxelena.com\/servicios\/\">Cooperaci\u00f3n<\/a><\/h3>\t\t\t\t<\/div>\n\t\t\t\t<\/div>\n\t\t\t\t<\/div>\n\t\t<div class=\"elementor-element elementor-element-d7969c9 e-con-full e-flex e-con e-child\" data-id=\"d7969c9\" data-element_type=\"container\">\n\t\t\t\t<div class=\"elementor-element elementor-element-c963806 elementor-widget elementor-widget-image\" data-id=\"c963806\" data-element_type=\"widget\" data-widget_type=\"image.default\">\n\t\t\t\t<div class=\"elementor-widget-container\">\n\t\t\t\t\t\t\t\t\t\t\t\t\t\t\t<img decoding=\"async\" width=\"474\" height=\"330\" src=\"https:\/\/martamitxelena.com\/wp-content\/uploads\/2024\/11\/imagen-web-1.jpeg\" class=\"attachment-full size-full wp-image-257\" alt=\"\" srcset=\"https:\/\/martamitxelena.com\/wp-content\/uploads\/2024\/11\/imagen-web-1.jpeg 474w, https:\/\/martamitxelena.com\/wp-content\/uploads\/2024\/11\/imagen-web-1-300x209.jpeg 300w\" sizes=\"(max-width: 474px) 100vw, 474px\" \/>\t\t\t\t\t\t\t\t\t\t\t\t\t\t\t<\/div>\n\t\t\t\t<\/div>\n\t\t\t\t<div class=\"elementor-element elementor-element-0149143 elementor-widget elementor-widget-heading\" data-id=\"0149143\" data-element_type=\"widget\" data-widget_type=\"heading.default\">\n\t\t\t\t<div class=\"elementor-widget-container\">\n\t\t\t\t\t<h3 class=\"elementor-heading-title elementor-size-default\"><a href=\"https:\/\/martamitxelena.com\/servicios\/\">Formaci\u00f3n<\/a><\/h3>\t\t\t\t<\/div>\n\t\t\t\t<\/div>\n\t\t\t\t<\/div>\n\t\t<div class=\"elementor-element elementor-element-5233fb3 e-con-full e-flex e-con e-child\" data-id=\"5233fb3\" data-element_type=\"container\">\n\t\t\t\t<div class=\"elementor-element elementor-element-9ffc5d9 elementor-widget elementor-widget-image\" data-id=\"9ffc5d9\" data-element_type=\"widget\" data-widget_type=\"image.default\">\n\t\t\t\t<div class=\"elementor-widget-container\">\n\t\t\t\t\t\t\t\t\t\t\t\t\t\t\t<img fetchpriority=\"high\" decoding=\"async\" width=\"406\" height=\"266\" src=\"https:\/\/martamitxelena.com\/wp-content\/uploads\/2024\/11\/imagen-web-4.jpeg\" class=\"attachment-full size-full wp-image-258\" alt=\"\" srcset=\"https:\/\/martamitxelena.com\/wp-content\/uploads\/2024\/11\/imagen-web-4.jpeg 406w, https:\/\/martamitxelena.com\/wp-content\/uploads\/2024\/11\/imagen-web-4-300x197.jpeg 300w\" sizes=\"(max-width: 406px) 100vw, 406px\" \/>\t\t\t\t\t\t\t\t\t\t\t\t\t\t\t<\/div>\n\t\t\t\t<\/div>\n\t\t\t\t<div class=\"elementor-element elementor-element-a3c800d elementor-widget elementor-widget-heading\" data-id=\"a3c800d\" data-element_type=\"widget\" data-widget_type=\"heading.default\">\n\t\t\t\t<div class=\"elementor-widget-container\">\n\t\t\t\t\t<h3 class=\"elementor-heading-title elementor-size-default\"><a href=\"https:\/\/martamitxelena.com\/servicios\/\">Supervisi\u00f3n<\/a><\/h3>\t\t\t\t<\/div>\n\t\t\t\t<\/div>\n\t\t\t\t<\/div>\n\t\t\t\t\t<\/div>\n\t\t\t\t<\/div>\n\t\t\t\t<\/div>\n\t\t","protected":false},"excerpt":{"rendered":"<p>\u00bfQu\u00e9 es la terapia? La terapia es un proceso a traves del cual, con ayuda del terapeuta, permite explorar estilos de pensamiento, respuestas emocionales y patrones de comportamientos que a menudo suelen ser r\u00edgidos y por ende insatisfactorios para poder responder a las necesidades del presente de una manera ecol\u00f3gica para la persona y su [&hellip;]<\/p>\n","protected":false},"author":1,"featured_media":0,"parent":0,"menu_order":0,"comment_status":"closed","ping_status":"closed","template":"","meta":{"footnotes":""},"class_list":["post-71","page","type-page","status-publish","hentry"],"yoast_head":"<title>\u00bfQu\u00e9 es la terapia? - Marta Mitxelena<\/title>\n<meta name=\"robots\" content=\"index, follow, max-snippet:-1, max-image-preview:large, max-video-preview:-1\" \/>\n<link rel=\"canonical\" href=\"https:\/\/martamitxelena.com\/es\/que-es-la-terapia\/\" \/>\n<meta property=\"og:locale\" content=\"es_ES\" \/>\n<meta property=\"og:type\" content=\"article\" \/>\n<meta property=\"og:title\" content=\"\u00bfQu\u00e9 es la terapia? - Marta Mitxelena\" \/>\n<meta property=\"og:description\" content=\"\u00bfQu\u00e9 es la terapia? La terapia es un proceso a traves del cual, con ayuda del terapeuta, permite explorar estilos de pensamiento, respuestas emocionales y patrones de comportamientos que a menudo suelen ser r\u00edgidos y por ende insatisfactorios para poder responder a las necesidades del presente de una manera ecol\u00f3gica para la persona y su [&hellip;]\" \/>\n<meta property=\"og:url\" content=\"https:\/\/martamitxelena.com\/es\/que-es-la-terapia\/\" \/>\n<meta property=\"og:site_name\" content=\"Marta Mitxelena\" \/>\n<meta property=\"article:modified_time\" content=\"2024-11-08T10:40:04+00:00\" \/>\n<meta property=\"og:image\" content=\"https:\/\/martamitxelena.com\/wp-content\/uploads\/2024\/11\/imagen-web-4.jpeg\" \/>\n\t<meta property=\"og:image:width\" content=\"406\" \/>\n\t<meta property=\"og:image:height\" content=\"266\" \/>\n\t<meta property=\"og:image:type\" content=\"image\/jpeg\" \/>\n<meta name=\"twitter:card\" content=\"summary_large_image\" \/>\n<meta name=\"twitter:label1\" content=\"Tiempo de lectura\" \/>\n\t<meta name=\"twitter:data1\" content=\"2 minutos\" \/>\n<script type=\"application\/ld+json\" class=\"yoast-schema-graph\">{\"@context\":\"https:\/\/schema.org\",\"@graph\":[{\"@type\":\"WebPage\",\"@id\":\"https:\/\/martamitxelena.com\/que-es-la-terapia\/\",\"url\":\"https:\/\/martamitxelena.com\/que-es-la-terapia\/\",\"name\":\"\u00bfQu\u00e9 es la terapia? - Marta Mitxelena\",\"isPartOf\":{\"@id\":\"https:\/\/martamitxelena.com\/#website\"},\"primaryImageOfPage\":{\"@id\":\"https:\/\/martamitxelena.com\/que-es-la-terapia\/#primaryimage\"},\"image\":{\"@id\":\"https:\/\/martamitxelena.com\/que-es-la-terapia\/#primaryimage\"},\"thumbnailUrl\":\"https:\/\/martamitxelena.com\/wp-content\/uploads\/2024\/11\/imagen-web-4.jpeg\",\"datePublished\":\"2024-07-19T12:46:46+00:00\",\"dateModified\":\"2024-11-08T10:40:04+00:00\",\"breadcrumb\":{\"@id\":\"https:\/\/martamitxelena.com\/que-es-la-terapia\/#breadcrumb\"},\"inLanguage\":\"es\",\"potentialAction\":[{\"@type\":\"ReadAction\",\"target\":[\"https:\/\/martamitxelena.com\/que-es-la-terapia\/\"]}]},{\"@type\":\"ImageObject\",\"inLanguage\":\"es\",\"@id\":\"https:\/\/martamitxelena.com\/que-es-la-terapia\/#primaryimage\",\"url\":\"https:\/\/martamitxelena.com\/wp-content\/uploads\/2024\/11\/imagen-web-4.jpeg\",\"contentUrl\":\"https:\/\/martamitxelena.com\/wp-content\/uploads\/2024\/11\/imagen-web-4.jpeg\"},{\"@type\":\"BreadcrumbList\",\"@id\":\"https:\/\/martamitxelena.com\/que-es-la-terapia\/#breadcrumb\",\"itemListElement\":[{\"@type\":\"ListItem\",\"position\":1,\"name\":\"Portada\",\"item\":\"https:\/\/martamitxelena.com\/\"},{\"@type\":\"ListItem\",\"position\":2,\"name\":\"\u00bfQu\u00e9 es la terapia?\"}]},{\"@type\":\"WebSite\",\"@id\":\"https:\/\/martamitxelena.com\/#website\",\"url\":\"https:\/\/martamitxelena.com\/\",\"name\":\"Marta Mitxelena\",\"description\":\"Gestalt Trauma Formaci\u00f3n Supervisi\u00f3n\",\"publisher\":{\"@id\":\"https:\/\/martamitxelena.com\/#organization\"},\"potentialAction\":[{\"@type\":\"SearchAction\",\"target\":{\"@type\":\"EntryPoint\",\"urlTemplate\":\"https:\/\/martamitxelena.com\/?s={search_term_string}\"},\"query-input\":{\"@type\":\"PropertyValueSpecification\",\"valueRequired\":true,\"valueName\":\"search_term_string\"}}],\"inLanguage\":\"es\"},{\"@type\":\"Organization\",\"@id\":\"https:\/\/martamitxelena.com\/#organization\",\"name\":\"Marta Mitxelena\",\"url\":\"https:\/\/martamitxelena.com\/\",\"logo\":{\"@type\":\"ImageObject\",\"inLanguage\":\"es\",\"@id\":\"https:\/\/martamitxelena.com\/#\/schema\/logo\/image\/\",\"url\":\"https:\/\/martamitxelena.com\/wp-content\/uploads\/2024\/07\/Marta-Mitxelena-7-e1721386948471.png\",\"contentUrl\":\"https:\/\/martamitxelena.com\/wp-content\/uploads\/2024\/07\/Marta-Mitxelena-7-e1721386948471.png\",\"width\":921,\"height\":173,\"caption\":\"Marta Mitxelena\"},\"image\":{\"@id\":\"https:\/\/martamitxelena.com\/#\/schema\/logo\/image\/\"},\"sameAs\":[\"https:\/\/www.linkedin.com\/in\/marta-michelena-56b18718b\/\"]}]}<\/script>","yoast_head_json":{"title":"\u00bfQu\u00e9 es la terapia? - Marta Mitxelena","robots":{"index":"index","follow":"follow","max-snippet":"max-snippet:-1","max-image-preview":"max-image-preview:large","max-video-preview":"max-video-preview:-1"},"canonical":"https:\/\/martamitxelena.com\/es\/que-es-la-terapia\/","og_locale":"es_ES","og_type":"article","og_title":"\u00bfQu\u00e9 es la terapia? - Marta Mitxelena","og_description":"\u00bfQu\u00e9 es la terapia? La terapia es un proceso a traves del cual, con ayuda del terapeuta, permite explorar estilos de pensamiento, respuestas emocionales y patrones de comportamientos que a menudo suelen ser r\u00edgidos y por ende insatisfactorios para poder responder a las necesidades del presente de una manera ecol\u00f3gica para la persona y su [&hellip;]","og_url":"https:\/\/martamitxelena.com\/es\/que-es-la-terapia\/","og_site_name":"Marta Mitxelena","article_modified_time":"2024-11-08T10:40:04+00:00","og_image":[{"width":406,"height":266,"url":"https:\/\/martamitxelena.com\/wp-content\/uploads\/2024\/11\/imagen-web-4.jpeg","type":"image\/jpeg"}],"twitter_card":"summary_large_image","twitter_misc":{"Tiempo de lectura":"2 minutos"},"schema":{"@context":"https:\/\/schema.org","@graph":[{"@type":"WebPage","@id":"https:\/\/martamitxelena.com\/que-es-la-terapia\/","url":"https:\/\/martamitxelena.com\/que-es-la-terapia\/","name":"\u00bfQu\u00e9 es la terapia? - Marta Mitxelena","isPartOf":{"@id":"https:\/\/martamitxelena.com\/#website"},"primaryImageOfPage":{"@id":"https:\/\/martamitxelena.com\/que-es-la-terapia\/#primaryimage"},"image":{"@id":"https:\/\/martamitxelena.com\/que-es-la-terapia\/#primaryimage"},"thumbnailUrl":"https:\/\/martamitxelena.com\/wp-content\/uploads\/2024\/11\/imagen-web-4.jpeg","datePublished":"2024-07-19T12:46:46+00:00","dateModified":"2024-11-08T10:40:04+00:00","breadcrumb":{"@id":"https:\/\/martamitxelena.com\/que-es-la-terapia\/#breadcrumb"},"inLanguage":"es","potentialAction":[{"@type":"ReadAction","target":["https:\/\/martamitxelena.com\/que-es-la-terapia\/"]}]},{"@type":"ImageObject","inLanguage":"es","@id":"https:\/\/martamitxelena.com\/que-es-la-terapia\/#primaryimage","url":"https:\/\/martamitxelena.com\/wp-content\/uploads\/2024\/11\/imagen-web-4.jpeg","contentUrl":"https:\/\/martamitxelena.com\/wp-content\/uploads\/2024\/11\/imagen-web-4.jpeg"},{"@type":"BreadcrumbList","@id":"https:\/\/martamitxelena.com\/que-es-la-terapia\/#breadcrumb","itemListElement":[{"@type":"ListItem","position":1,"name":"Portada","item":"https:\/\/martamitxelena.com\/"},{"@type":"ListItem","position":2,"name":"\u00bfQu\u00e9 es la terapia?"}]},{"@type":"WebSite","@id":"https:\/\/martamitxelena.com\/#website","url":"https:\/\/martamitxelena.com\/","name":"Marta Mitxelena","description":"Gestalt Trauma Formaci\u00f3n Supervisi\u00f3n","publisher":{"@id":"https:\/\/martamitxelena.com\/#organization"},"potentialAction":[{"@type":"SearchAction","target":{"@type":"EntryPoint","urlTemplate":"https:\/\/martamitxelena.com\/?s={search_term_string}"},"query-input":{"@type":"PropertyValueSpecification","valueRequired":true,"valueName":"search_term_string"}}],"inLanguage":"es"},{"@type":"Organization","@id":"https:\/\/martamitxelena.com\/#organization","name":"Marta Mitxelena","url":"https:\/\/martamitxelena.com\/","logo":{"@type":"ImageObject","inLanguage":"es","@id":"https:\/\/martamitxelena.com\/#\/schema\/logo\/image\/","url":"https:\/\/martamitxelena.com\/wp-content\/uploads\/2024\/07\/Marta-Mitxelena-7-e1721386948471.png","contentUrl":"https:\/\/martamitxelena.com\/wp-content\/uploads\/2024\/07\/Marta-Mitxelena-7-e1721386948471.png","width":921,"height":173,"caption":"Marta Mitxelena"},"image":{"@id":"https:\/\/martamitxelena.com\/#\/schema\/logo\/image\/"},"sameAs":["https:\/\/www.linkedin.com\/in\/marta-michelena-56b18718b\/"]}]}},"_links":{"self":[{"href":"https:\/\/martamitxelena.com\/es\/wp-json\/wp\/v2\/pages\/71","targetHints":{"allow":["GET"]}}],"collection":[{"href":"https:\/\/martamitxelena.com\/es\/wp-json\/wp\/v2\/pages"}],"about":[{"href":"https:\/\/martamitxelena.com\/es\/wp-json\/wp\/v2\/types\/page"}],"author":[{"embeddable":true,"href":"https:\/\/martamitxelena.com\/es\/wp-json\/wp\/v2\/users\/1"}],"replies":[{"embeddable":true,"href":"https:\/\/martamitxelena.com\/es\/wp-json\/wp\/v2\/comments?post=71"}],"version-history":[{"count":10,"href":"https:\/\/martamitxelena.com\/es\/wp-json\/wp\/v2\/pages\/71\/revisions"}],"predecessor-version":[{"id":381,"href":"https:\/\/martamitxelena.com\/es\/wp-json\/wp\/v2\/pages\/71\/revisions\/381"}],"wp:attachment":[{"href":"https:\/\/martamitxelena.com\/es\/wp-json\/wp\/v2\/media?parent=71"}],"curies":[{"name":"wp","href":"https:\/\/api.w.org\/{rel}","templated":true}]}}