{"id":70,"date":"2024-07-19T14:45:55","date_gmt":"2024-07-19T12:45:55","guid":{"rendered":"https:\/\/martamitxelena.com\/?page_id=70"},"modified":"2025-05-12T09:04:49","modified_gmt":"2025-05-12T07:04:49","slug":"sobre-mi","status":"publish","type":"page","link":"https:\/\/martamitxelena.com\/es\/sobre-mi\/","title":{"rendered":"Sobre m\u00ed"},"content":{"rendered":"\t\t<div data-elementor-type=\"wp-page\" data-elementor-id=\"70\" class=\"elementor elementor-70\" data-elementor-post-type=\"page\">\n\t\t\t\t<div class=\"elementor-element elementor-element-7bff20e e-flex e-con-boxed e-con e-parent\" data-id=\"7bff20e\" data-element_type=\"container\" data-settings=\"{&quot;background_background&quot;:&quot;classic&quot;,&quot;shape_divider_bottom&quot;:&quot;waves&quot;}\">\n\t\t\t\t\t<div class=\"e-con-inner\">\n\t\t\t\t<div class=\"elementor-shape elementor-shape-bottom\" aria-hidden=\"true\" data-negative=\"false\">\n\t\t\t<svg xmlns=\"http:\/\/www.w3.org\/2000\/svg\" viewBox=\"0 0 1000 100\" preserveAspectRatio=\"none\">\n\t<path class=\"elementor-shape-fill\" d=\"M421.9,6.5c22.6-2.5,51.5,0.4,75.5,5.3c23.6,4.9,70.9,23.5,100.5,35.7c75.8,32.2,133.7,44.5,192.6,49.7\n\tc23.6,2.1,48.7,3.5,103.4-2.5c54.7-6,106.2-25.6,106.2-25.6V0H0v30.3c0,0,72,32.6,158.4,30.5c39.2-0.7,92.8-6.7,134-22.4\n\tc21.2-8.1,52.2-18.2,79.7-24.2C399.3,7.9,411.6,7.5,421.9,6.5z\"\/>\n<\/svg>\t\t<\/div>\n\t\t<div class=\"elementor-element elementor-element-2a1ba6c e-con-full e-flex e-con e-child\" data-id=\"2a1ba6c\" data-element_type=\"container\">\n\t\t\t\t<div class=\"elementor-element elementor-element-9d5d558 elementor-widget elementor-widget-image\" data-id=\"9d5d558\" data-element_type=\"widget\" data-widget_type=\"image.default\">\n\t\t\t\t<div class=\"elementor-widget-container\">\n\t\t\t\t\t\t\t\t\t\t\t\t\t\t\t<img fetchpriority=\"high\" decoding=\"async\" width=\"400\" height=\"600\" src=\"https:\/\/martamitxelena.com\/wp-content\/uploads\/2024\/10\/16-EGC-Espailudic-Marta-Michelena-1-400x600-1.webp\" class=\"attachment-full size-full wp-image-228\" alt=\"\" srcset=\"https:\/\/martamitxelena.com\/wp-content\/uploads\/2024\/10\/16-EGC-Espailudic-Marta-Michelena-1-400x600-1.webp 400w, https:\/\/martamitxelena.com\/wp-content\/uploads\/2024\/10\/16-EGC-Espailudic-Marta-Michelena-1-400x600-1-200x300.webp 200w\" sizes=\"(max-width: 400px) 100vw, 400px\" \/>\t\t\t\t\t\t\t\t\t\t\t\t\t\t\t<\/div>\n\t\t\t\t<\/div>\n\t\t\t\t<\/div>\n\t\t<div class=\"elementor-element elementor-element-6765d66 e-con-full e-flex e-con e-child\" data-id=\"6765d66\" data-element_type=\"container\">\n\t\t\t\t<div class=\"elementor-element elementor-element-6a14639 elementor-widget elementor-widget-text-editor\" data-id=\"6a14639\" data-element_type=\"widget\" data-widget_type=\"text-editor.default\">\n\t\t\t\t<div class=\"elementor-widget-container\">\n\t\t\t\t\t\t\t\t\t<p><span style=\"font-weight: 400;\">Me llamo Marta y vivo en Sant Pol de Mar. Tengo 2 hijos: Irai y Luar. Mi compa\u00f1ero\u00a0 y padre de mi hijo peque\u00f1o se llama Iv\u00e1n y mis amigas del alma son Marta, Imma, Patri, Vivi, Lupe, Nina, entre muchas otras. Mis padres son Carla y \u00c1ngel. Mi hermana Idoia naci\u00f3 cuando yo ten\u00eda 14 a\u00f1os y falleci\u00f3 cuando ten\u00eda 39. Joan es el padre de Irai y lo considero tambi\u00e9n mi familia. Sin ellos y ellas no habr\u00eda llegado hasta aqu\u00ed. A todxs vosotrxs, gracias. A mis abuelos y a mis abuelas, tambi\u00e9n.\u00a0<\/span><\/p><p>Estudi\u00e9 <strong>Periodismo en la UAB<\/strong> e hice un <strong>M\u00e1ster en Cooperaci\u00f3n y Globalizaci\u00f3n en la UB.<\/strong> Me dediqu\u00e9 a la Cooperaci\u00f3n al Desarrollo trabajando para Afganist\u00e1n y Palestina durante casi 10 a\u00f1os.<\/p><p>A los 25 a\u00f1os tuve una crisis personal que ahora puedo denominar de depresi\u00f3n. Estaba muy disociada y viv\u00eda en autom\u00e1tico haciendo las cosas bastante bien y sin disfrutarlas. No me sent\u00eda en mi y por ende mis relaciones \u00edntimas eran dif\u00edciles. Adem\u00e1s, ten\u00eda p\u00e1nico a hablar en p\u00fablico.<\/p><p>Empec\u00e9 terapia con Laia Tom\u00e1s, psic\u00f3loga integrativa, y consegu\u00ed por primera vez tomar mis propias decisiones. Me conoc\u00ed un poco m\u00e1s. Romp\u00ed din\u00e1micas familiares, dej\u00e9 la ciudad, dej\u00e9 mi trabajo y empec\u00e9 a (re)conducir mi vida por primera vez.<\/p><p><span style=\"font-weight: 400;\">A partir de ah\u00ed, decid\u00ed que quer\u00eda seguir haciendo del mundo un mundo m\u00e1s justo y pac\u00edfico, y que pod\u00eda contribuir a ello a trav\u00e9s del acompa\u00f1amiento terap\u00e9utico. Des de entonces (2014) me dedico a acompa\u00f1ar procesos individuales y grupales. \u00a0<\/span><b>Soy miembro titular y supervisora de la AETG. Soy formadora de Terapia Gestalt.<\/b><span style=\"font-weight: 400;\">\u00a0Soy miembro del equipo de Gestalt Kair\u00f3s (<\/span><a href=\"https:\/\/www.gestaltkairos.com\/\"><span style=\"font-weight: 400;\">https:\/\/www.gestaltkairos.com\/<\/span><\/a><span style=\"font-weight: 400;\">) en Gerona.\u00a0Formo\u00a0 parte de la Comisi\u00f3n de Tesinas de la AETG.<\/span><\/p><p>Sin el apoyo y la confianza de Ferran Lacoma y Helena Belloch, ambos directores de \u00e9stas dos escuelas, no hubiera podido desarrollarme como lo he hecho.\u00a0<\/p><p><strong>FORMACI\u00d3N<\/strong><\/p><p><strong>Licenciada en Periodismo en la UAB y M\u00e1ster en Cooperaci\u00f3n y Globalizaci\u00f3n por la UB.<\/strong> Actualmente estoy realizando la formaci\u00f3n <strong>Recuperando la Conexi\u00f3n para el reprocesamiento del Trauma,<\/strong> en Nexes Psicolog\u00eda. Me he formado en <strong>Terapia Gestalt<\/strong> en Espail\u00fadic Escola Gestalt con Ferran Lacoma, me he formado en <strong>Psicopatolog\u00eda cl\u00ednica des de una perspectiva gest\u00e1ltica<\/strong> con Carmen V\u00e1zquez, en\u00a0 <strong>Reprocesamiento del Trauma Nivel I<\/strong> con Aleces, y he realizado la formaci\u00f3n <strong>Centros de Energ\u00eda Nivel I<\/strong> con Patricia R\u00edos. Tambi\u00e9n he hecho formaciones sobre T<strong>eor\u00eda Polivagal,<\/strong> y tengo conocimientos b\u00e1sicos de An\u00e1lisis Transaccional. Tengo la carrera de <strong>Psicolog\u00eda<\/strong> a medias. Y deseo terminarla pronto.<\/p><p><span style=\"font-weight: 400;\">Estoy en contin\u00faa formaci\u00f3n y supervisi\u00f3n. Actualmente recibo terapia con Laura del Ca\u00f1o y superviso con Laia Tom\u00e1s.\u00a0<\/span><\/p><p><span style=\"font-weight: 400;\">Me interesa el g\u00e9nero, la cultura y los movimientos sociales. Me interesa la interseccionalidad y tenerla presente en el \u00e1mbito terap\u00e9utico.\u00a0<\/span><\/p>\t\t\t\t\t\t\t\t<\/div>\n\t\t\t\t<\/div>\n\t\t\t\t<\/div>\n\t\t\t\t\t<\/div>\n\t\t\t\t<\/div>\n\t\t\t\t<\/div>\n\t\t","protected":false},"excerpt":{"rendered":"<p>Me llamo Marta y vivo en Sant Pol de Mar. Tengo 2 hijos: Irai y Luar. Mi compa\u00f1ero\u00a0 y padre de mi hijo peque\u00f1o se llama Iv\u00e1n y mis amigas del alma son Marta, Imma, Patri, Vivi, Lupe, Nina, entre muchas otras. Mis padres son Carla y \u00c1ngel. Mi hermana Idoia naci\u00f3 cuando yo ten\u00eda [&hellip;]<\/p>\n","protected":false},"author":1,"featured_media":0,"parent":0,"menu_order":0,"comment_status":"closed","ping_status":"closed","template":"","meta":{"footnotes":""},"class_list":["post-70","page","type-page","status-publish","hentry"],"yoast_head":"<title>Sobre m\u00ed - Marta Mitxelena<\/title>\n<meta name=\"robots\" content=\"index, follow, max-snippet:-1, max-image-preview:large, max-video-preview:-1\" \/>\n<link rel=\"canonical\" href=\"https:\/\/martamitxelena.com\/es\/sobre-mi\/\" \/>\n<meta property=\"og:locale\" content=\"es_ES\" \/>\n<meta property=\"og:type\" content=\"article\" \/>\n<meta property=\"og:title\" content=\"Sobre m\u00ed - Marta Mitxelena\" \/>\n<meta property=\"og:description\" content=\"Me llamo Marta y vivo en Sant Pol de Mar. Tengo 2 hijos: Irai y Luar. Mi compa\u00f1ero\u00a0 y padre de mi hijo peque\u00f1o se llama Iv\u00e1n y mis amigas del alma son Marta, Imma, Patri, Vivi, Lupe, Nina, entre muchas otras. Mis padres son Carla y \u00c1ngel. Mi hermana Idoia naci\u00f3 cuando yo ten\u00eda [&hellip;]\" \/>\n<meta property=\"og:url\" content=\"https:\/\/martamitxelena.com\/es\/sobre-mi\/\" \/>\n<meta property=\"og:site_name\" content=\"Marta Mitxelena\" \/>\n<meta property=\"article:modified_time\" content=\"2025-05-12T07:04:49+00:00\" \/>\n<meta property=\"og:image\" content=\"https:\/\/martamitxelena.com\/wp-content\/uploads\/2024\/10\/16-EGC-Espailudic-Marta-Michelena-1-400x600-1.webp\" \/>\n\t<meta property=\"og:image:width\" content=\"400\" \/>\n\t<meta property=\"og:image:height\" content=\"600\" \/>\n\t<meta property=\"og:image:type\" content=\"image\/webp\" \/>\n<meta name=\"twitter:card\" content=\"summary_large_image\" \/>\n<meta name=\"twitter:label1\" content=\"Tiempo de lectura\" \/>\n\t<meta name=\"twitter:data1\" content=\"3 minutos\" \/>\n<script type=\"application\/ld+json\" class=\"yoast-schema-graph\">{\"@context\":\"https:\/\/schema.org\",\"@graph\":[{\"@type\":\"WebPage\",\"@id\":\"https:\/\/martamitxelena.com\/es\/sobre-mi\/\",\"url\":\"https:\/\/martamitxelena.com\/es\/sobre-mi\/\",\"name\":\"Sobre m\u00ed - Marta Mitxelena\",\"isPartOf\":{\"@id\":\"https:\/\/martamitxelena.com\/#website\"},\"primaryImageOfPage\":{\"@id\":\"https:\/\/martamitxelena.com\/es\/sobre-mi\/#primaryimage\"},\"image\":{\"@id\":\"https:\/\/martamitxelena.com\/es\/sobre-mi\/#primaryimage\"},\"thumbnailUrl\":\"https:\/\/martamitxelena.com\/wp-content\/uploads\/2024\/10\/16-EGC-Espailudic-Marta-Michelena-1-400x600-1.webp\",\"datePublished\":\"2024-07-19T12:45:55+00:00\",\"dateModified\":\"2025-05-12T07:04:49+00:00\",\"breadcrumb\":{\"@id\":\"https:\/\/martamitxelena.com\/es\/sobre-mi\/#breadcrumb\"},\"inLanguage\":\"es\",\"potentialAction\":[{\"@type\":\"ReadAction\",\"target\":[\"https:\/\/martamitxelena.com\/es\/sobre-mi\/\"]}]},{\"@type\":\"ImageObject\",\"inLanguage\":\"es\",\"@id\":\"https:\/\/martamitxelena.com\/es\/sobre-mi\/#primaryimage\",\"url\":\"https:\/\/martamitxelena.com\/wp-content\/uploads\/2024\/10\/16-EGC-Espailudic-Marta-Michelena-1-400x600-1.webp\",\"contentUrl\":\"https:\/\/martamitxelena.com\/wp-content\/uploads\/2024\/10\/16-EGC-Espailudic-Marta-Michelena-1-400x600-1.webp\"},{\"@type\":\"BreadcrumbList\",\"@id\":\"https:\/\/martamitxelena.com\/es\/sobre-mi\/#breadcrumb\",\"itemListElement\":[{\"@type\":\"ListItem\",\"position\":1,\"name\":\"Portada\",\"item\":\"https:\/\/martamitxelena.com\/\"},{\"@type\":\"ListItem\",\"position\":2,\"name\":\"Sobre m\u00ed\"}]},{\"@type\":\"WebSite\",\"@id\":\"https:\/\/martamitxelena.com\/#website\",\"url\":\"https:\/\/martamitxelena.com\/\",\"name\":\"Marta Mitxelena\",\"description\":\"Gestalt Trauma Formaci\u00f3n Supervisi\u00f3n\",\"publisher\":{\"@id\":\"https:\/\/martamitxelena.com\/#organization\"},\"potentialAction\":[{\"@type\":\"SearchAction\",\"target\":{\"@type\":\"EntryPoint\",\"urlTemplate\":\"https:\/\/martamitxelena.com\/?s={search_term_string}\"},\"query-input\":{\"@type\":\"PropertyValueSpecification\",\"valueRequired\":true,\"valueName\":\"search_term_string\"}}],\"inLanguage\":\"es\"},{\"@type\":\"Organization\",\"@id\":\"https:\/\/martamitxelena.com\/#organization\",\"name\":\"Marta Mitxelena\",\"url\":\"https:\/\/martamitxelena.com\/\",\"logo\":{\"@type\":\"ImageObject\",\"inLanguage\":\"es\",\"@id\":\"https:\/\/martamitxelena.com\/#\/schema\/logo\/image\/\",\"url\":\"https:\/\/martamitxelena.com\/wp-content\/uploads\/2024\/07\/Marta-Mitxelena-7-e1721386948471.png\",\"contentUrl\":\"https:\/\/martamitxelena.com\/wp-content\/uploads\/2024\/07\/Marta-Mitxelena-7-e1721386948471.png\",\"width\":921,\"height\":173,\"caption\":\"Marta Mitxelena\"},\"image\":{\"@id\":\"https:\/\/martamitxelena.com\/#\/schema\/logo\/image\/\"},\"sameAs\":[\"https:\/\/www.linkedin.com\/in\/marta-michelena-56b18718b\/\"]}]}<\/script>","yoast_head_json":{"title":"Sobre m\u00ed - Marta Mitxelena","robots":{"index":"index","follow":"follow","max-snippet":"max-snippet:-1","max-image-preview":"max-image-preview:large","max-video-preview":"max-video-preview:-1"},"canonical":"https:\/\/martamitxelena.com\/es\/sobre-mi\/","og_locale":"es_ES","og_type":"article","og_title":"Sobre m\u00ed - Marta Mitxelena","og_description":"Me llamo Marta y vivo en Sant Pol de Mar. Tengo 2 hijos: Irai y Luar. Mi compa\u00f1ero\u00a0 y padre de mi hijo peque\u00f1o se llama Iv\u00e1n y mis amigas del alma son Marta, Imma, Patri, Vivi, Lupe, Nina, entre muchas otras. Mis padres son Carla y \u00c1ngel. Mi hermana Idoia naci\u00f3 cuando yo ten\u00eda [&hellip;]","og_url":"https:\/\/martamitxelena.com\/es\/sobre-mi\/","og_site_name":"Marta Mitxelena","article_modified_time":"2025-05-12T07:04:49+00:00","og_image":[{"width":400,"height":600,"url":"https:\/\/martamitxelena.com\/wp-content\/uploads\/2024\/10\/16-EGC-Espailudic-Marta-Michelena-1-400x600-1.webp","type":"image\/webp"}],"twitter_card":"summary_large_image","twitter_misc":{"Tiempo de lectura":"3 minutos"},"schema":{"@context":"https:\/\/schema.org","@graph":[{"@type":"WebPage","@id":"https:\/\/martamitxelena.com\/es\/sobre-mi\/","url":"https:\/\/martamitxelena.com\/es\/sobre-mi\/","name":"Sobre m\u00ed - Marta Mitxelena","isPartOf":{"@id":"https:\/\/martamitxelena.com\/#website"},"primaryImageOfPage":{"@id":"https:\/\/martamitxelena.com\/es\/sobre-mi\/#primaryimage"},"image":{"@id":"https:\/\/martamitxelena.com\/es\/sobre-mi\/#primaryimage"},"thumbnailUrl":"https:\/\/martamitxelena.com\/wp-content\/uploads\/2024\/10\/16-EGC-Espailudic-Marta-Michelena-1-400x600-1.webp","datePublished":"2024-07-19T12:45:55+00:00","dateModified":"2025-05-12T07:04:49+00:00","breadcrumb":{"@id":"https:\/\/martamitxelena.com\/es\/sobre-mi\/#breadcrumb"},"inLanguage":"es","potentialAction":[{"@type":"ReadAction","target":["https:\/\/martamitxelena.com\/es\/sobre-mi\/"]}]},{"@type":"ImageObject","inLanguage":"es","@id":"https:\/\/martamitxelena.com\/es\/sobre-mi\/#primaryimage","url":"https:\/\/martamitxelena.com\/wp-content\/uploads\/2024\/10\/16-EGC-Espailudic-Marta-Michelena-1-400x600-1.webp","contentUrl":"https:\/\/martamitxelena.com\/wp-content\/uploads\/2024\/10\/16-EGC-Espailudic-Marta-Michelena-1-400x600-1.webp"},{"@type":"BreadcrumbList","@id":"https:\/\/martamitxelena.com\/es\/sobre-mi\/#breadcrumb","itemListElement":[{"@type":"ListItem","position":1,"name":"Portada","item":"https:\/\/martamitxelena.com\/"},{"@type":"ListItem","position":2,"name":"Sobre m\u00ed"}]},{"@type":"WebSite","@id":"https:\/\/martamitxelena.com\/#website","url":"https:\/\/martamitxelena.com\/","name":"Marta Mitxelena","description":"Gestalt Trauma Formaci\u00f3n Supervisi\u00f3n","publisher":{"@id":"https:\/\/martamitxelena.com\/#organization"},"potentialAction":[{"@type":"SearchAction","target":{"@type":"EntryPoint","urlTemplate":"https:\/\/martamitxelena.com\/?s={search_term_string}"},"query-input":{"@type":"PropertyValueSpecification","valueRequired":true,"valueName":"search_term_string"}}],"inLanguage":"es"},{"@type":"Organization","@id":"https:\/\/martamitxelena.com\/#organization","name":"Marta Mitxelena","url":"https:\/\/martamitxelena.com\/","logo":{"@type":"ImageObject","inLanguage":"es","@id":"https:\/\/martamitxelena.com\/#\/schema\/logo\/image\/","url":"https:\/\/martamitxelena.com\/wp-content\/uploads\/2024\/07\/Marta-Mitxelena-7-e1721386948471.png","contentUrl":"https:\/\/martamitxelena.com\/wp-content\/uploads\/2024\/07\/Marta-Mitxelena-7-e1721386948471.png","width":921,"height":173,"caption":"Marta Mitxelena"},"image":{"@id":"https:\/\/martamitxelena.com\/#\/schema\/logo\/image\/"},"sameAs":["https:\/\/www.linkedin.com\/in\/marta-michelena-56b18718b\/"]}]}},"_links":{"self":[{"href":"https:\/\/martamitxelena.com\/es\/wp-json\/wp\/v2\/pages\/70","targetHints":{"allow":["GET"]}}],"collection":[{"href":"https:\/\/martamitxelena.com\/es\/wp-json\/wp\/v2\/pages"}],"about":[{"href":"https:\/\/martamitxelena.com\/es\/wp-json\/wp\/v2\/types\/page"}],"author":[{"embeddable":true,"href":"https:\/\/martamitxelena.com\/es\/wp-json\/wp\/v2\/users\/1"}],"replies":[{"embeddable":true,"href":"https:\/\/martamitxelena.com\/es\/wp-json\/wp\/v2\/comments?post=70"}],"version-history":[{"count":22,"href":"https:\/\/martamitxelena.com\/es\/wp-json\/wp\/v2\/pages\/70\/revisions"}],"predecessor-version":[{"id":497,"href":"https:\/\/martamitxelena.com\/es\/wp-json\/wp\/v2\/pages\/70\/revisions\/497"}],"wp:attachment":[{"href":"https:\/\/martamitxelena.com\/es\/wp-json\/wp\/v2\/media?parent=70"}],"curies":[{"name":"wp","href":"https:\/\/api.w.org\/{rel}","templated":true}]}}