{"id":69,"date":"2024-07-19T14:45:50","date_gmt":"2024-07-19T12:45:50","guid":{"rendered":"https:\/\/martamitxelena.com\/?page_id=69"},"modified":"2024-12-28T17:02:43","modified_gmt":"2024-12-28T16:02:43","slug":"servicios","status":"publish","type":"page","link":"https:\/\/martamitxelena.com\/es\/servicios\/","title":{"rendered":"Servicios"},"content":{"rendered":"\t\t<div data-elementor-type=\"wp-page\" data-elementor-id=\"69\" class=\"elementor elementor-69\" data-elementor-post-type=\"page\">\n\t\t\t\t<div class=\"elementor-element elementor-element-e24be2d e-flex e-con-boxed e-con e-parent\" data-id=\"e24be2d\" data-element_type=\"container\" data-settings=\"{&quot;background_background&quot;:&quot;classic&quot;,&quot;shape_divider_bottom&quot;:&quot;waves&quot;}\">\n\t\t\t\t\t<div class=\"e-con-inner\">\n\t\t\t\t<div class=\"elementor-shape elementor-shape-bottom\" aria-hidden=\"true\" data-negative=\"false\">\n\t\t\t<svg xmlns=\"http:\/\/www.w3.org\/2000\/svg\" viewBox=\"0 0 1000 100\" preserveAspectRatio=\"none\">\n\t<path class=\"elementor-shape-fill\" d=\"M421.9,6.5c22.6-2.5,51.5,0.4,75.5,5.3c23.6,4.9,70.9,23.5,100.5,35.7c75.8,32.2,133.7,44.5,192.6,49.7\n\tc23.6,2.1,48.7,3.5,103.4-2.5c54.7-6,106.2-25.6,106.2-25.6V0H0v30.3c0,0,72,32.6,158.4,30.5c39.2-0.7,92.8-6.7,134-22.4\n\tc21.2-8.1,52.2-18.2,79.7-24.2C399.3,7.9,411.6,7.5,421.9,6.5z\"\/>\n<\/svg>\t\t<\/div>\n\t\t<div class=\"elementor-element elementor-element-ab05419 e-con-full e-flex e-con e-child\" data-id=\"ab05419\" data-element_type=\"container\">\n\t\t\t\t<div class=\"elementor-element elementor-element-fd84c8f elementor-widget__width-initial elementor-widget elementor-widget-heading\" data-id=\"fd84c8f\" data-element_type=\"widget\" data-widget_type=\"heading.default\">\n\t\t\t\t<div class=\"elementor-widget-container\">\n\t\t\t\t\t<h1 class=\"elementor-heading-title elementor-size-default\">Servicios y terapias<\/h1>\t\t\t\t<\/div>\n\t\t\t\t<\/div>\n\t\t\t\t<div class=\"elementor-element elementor-element-2387bf3 elementor-icon-list--layout-inline elementor-align-center elementor-list-item-link-full_width elementor-widget elementor-widget-icon-list\" data-id=\"2387bf3\" data-element_type=\"widget\" data-widget_type=\"icon-list.default\">\n\t\t\t\t<div class=\"elementor-widget-container\">\n\t\t\t\t\t\t\t<ul class=\"elementor-icon-list-items elementor-inline-items\">\n\t\t\t\t\t\t\t<li class=\"elementor-icon-list-item elementor-inline-item\">\n\t\t\t\t\t\t\t\t\t\t<span class=\"elementor-icon-list-text\">Terapia presencial<\/span>\n\t\t\t\t\t\t\t\t\t<\/li>\n\t\t\t\t\t\t\t\t<li class=\"elementor-icon-list-item elementor-inline-item\">\n\t\t\t\t\t\t\t\t\t\t<span class=\"elementor-icon-list-text\">Terapia online<\/span>\n\t\t\t\t\t\t\t\t\t<\/li>\n\t\t\t\t\t\t<\/ul>\n\t\t\t\t\t\t<\/div>\n\t\t\t\t<\/div>\n\t\t\t\t<\/div>\n\t\t\t\t\t<\/div>\n\t\t\t\t<\/div>\n\t\t<div class=\"elementor-element elementor-element-fa4713a e-flex e-con-boxed e-con e-parent\" data-id=\"fa4713a\" data-element_type=\"container\">\n\t\t\t\t\t<div class=\"e-con-inner\">\n\t\t<div class=\"elementor-element elementor-element-2368a56 e-con-full e-flex e-con e-child\" data-id=\"2368a56\" data-element_type=\"container\">\n\t\t<div class=\"elementor-element elementor-element-8d70b40 e-con-full e-flex e-con e-child\" data-id=\"8d70b40\" data-element_type=\"container\">\n\t\t\t\t<div class=\"elementor-element elementor-element-7b881a8 elementor-widget__width-initial elementor-widget elementor-widget-image\" data-id=\"7b881a8\" data-element_type=\"widget\" data-widget_type=\"image.default\">\n\t\t\t\t<div class=\"elementor-widget-container\">\n\t\t\t\t\t\t\t\t\t\t\t\t\t\t\t<img fetchpriority=\"high\" decoding=\"async\" width=\"260\" height=\"270\" src=\"https:\/\/martamitxelena.com\/wp-content\/uploads\/2024\/07\/Marta-Mitxelena-6-e1721387873503.png\" class=\"attachment-full size-full wp-image-21\" alt=\"\" \/>\t\t\t\t\t\t\t\t\t\t\t\t\t\t\t<\/div>\n\t\t\t\t<\/div>\n\t\t\t\t<div class=\"elementor-element elementor-element-8067905 elementor-widget__width-initial elementor-widget elementor-widget-heading\" data-id=\"8067905\" data-element_type=\"widget\" data-widget_type=\"heading.default\">\n\t\t\t\t<div class=\"elementor-widget-container\">\n\t\t\t\t\t<h2 class=\"elementor-heading-title elementor-size-default\">TERAPIA INDIVIDUAL<\/h2>\t\t\t\t<\/div>\n\t\t\t\t<\/div>\n\t\t\t\t<\/div>\n\t\t\t\t<div class=\"elementor-element elementor-element-d7294bf elementor-widget__width-inherit elementor-widget elementor-widget-text-editor\" data-id=\"d7294bf\" data-element_type=\"widget\" data-widget_type=\"text-editor.default\">\n\t\t\t\t<div class=\"elementor-widget-container\">\n\t\t\t\t\t\t\t\t\t<p>La terapia individual es un espacio de intimidad contigo misma donde poder explorar tu mundo intrapersonal para comprenderte y orientarte mejor en tu vida. El mundo intrapersonal es \u00fanico en cada persona y engloba la parte de sensaciones corporales, emociones, pensamientos, darse cuentas, aprendizajes, conclusiones y decisiones cuando estamos en relaci\u00f3n con los dem\u00e1s. Tambi\u00e9n engloba la exploraci\u00f3n de partes internas y la relaci\u00f3n que existe entre ellas. La integraci\u00f3n de la consciencia de todo ello ser\u00e1 nuestro principal trabajo.<\/p>\t\t\t\t\t\t\t\t<\/div>\n\t\t\t\t<\/div>\n\t\t\t\t<\/div>\n\t\t<div class=\"elementor-element elementor-element-32543e3 e-con-full e-flex e-con e-child\" data-id=\"32543e3\" data-element_type=\"container\">\n\t\t<div class=\"elementor-element elementor-element-92deb90 e-con-full e-flex e-con e-child\" data-id=\"92deb90\" data-element_type=\"container\">\n\t\t\t\t<div class=\"elementor-element elementor-element-e21d149 elementor-widget__width-initial elementor-widget elementor-widget-image\" data-id=\"e21d149\" data-element_type=\"widget\" data-widget_type=\"image.default\">\n\t\t\t\t<div class=\"elementor-widget-container\">\n\t\t\t\t\t\t\t\t\t\t\t\t\t\t\t<img fetchpriority=\"high\" decoding=\"async\" width=\"260\" height=\"270\" src=\"https:\/\/martamitxelena.com\/wp-content\/uploads\/2024\/07\/Marta-Mitxelena-6-e1721387873503.png\" class=\"attachment-full size-full wp-image-21\" alt=\"\" \/>\t\t\t\t\t\t\t\t\t\t\t\t\t\t\t<\/div>\n\t\t\t\t<\/div>\n\t\t\t\t<div class=\"elementor-element elementor-element-62c57c2 elementor-widget__width-initial elementor-widget elementor-widget-heading\" data-id=\"62c57c2\" data-element_type=\"widget\" data-widget_type=\"heading.default\">\n\t\t\t\t<div class=\"elementor-widget-container\">\n\t\t\t\t\t<h2 class=\"elementor-heading-title elementor-size-default\">TERAPIA DE PAREJA<\/h2>\t\t\t\t<\/div>\n\t\t\t\t<\/div>\n\t\t\t\t<\/div>\n\t\t\t\t<div class=\"elementor-element elementor-element-68dba58 elementor-widget elementor-widget-text-editor\" data-id=\"68dba58\" data-element_type=\"widget\" data-widget_type=\"text-editor.default\">\n\t\t\t\t<div class=\"elementor-widget-container\">\n\t\t\t\t\t\t\t\t\t<p>La terapia de pareja es un espacio donde poder conocerse y reconocerse frente a la otra persona, saber qu\u00e9 necesita cada una, y poder construir un \u00abnosotros\u00bb nutritivo y sostenedor. Es una oportunidad para tomar mayor consciencia de c\u00f3mo me muestro en los v\u00ednculos \u00ednitmos y poder, si es el caso, aceptar aspectos del pasado no resueltos para no traerlos ahora al presente. Trabajo des de la teor\u00eda del apego para poder comprender din\u00e1micas internas en la pareja. Pongo el foco tambi\u00e9n en poder practicar una comunicaci\u00f3n no violenta que facilite la comprensi\u00f3n y la resoluci\u00f3n de conflictos.<\/p>\t\t\t\t\t\t\t\t<\/div>\n\t\t\t\t<\/div>\n\t\t\t\t<\/div>\n\t\t\t\t\t<\/div>\n\t\t\t\t<\/div>\n\t\t<div class=\"elementor-element elementor-element-ed5d523 e-flex e-con-boxed e-con e-parent\" data-id=\"ed5d523\" data-element_type=\"container\">\n\t\t\t\t\t<div class=\"e-con-inner\">\n\t\t<div class=\"elementor-element elementor-element-d566722 e-con-full e-flex e-con e-child\" data-id=\"d566722\" data-element_type=\"container\">\n\t\t<div class=\"elementor-element elementor-element-6d51116 e-con-full e-flex e-con e-child\" data-id=\"6d51116\" data-element_type=\"container\">\n\t\t\t\t<div class=\"elementor-element elementor-element-f270e58 elementor-widget__width-initial elementor-widget elementor-widget-image\" data-id=\"f270e58\" data-element_type=\"widget\" data-widget_type=\"image.default\">\n\t\t\t\t<div class=\"elementor-widget-container\">\n\t\t\t\t\t\t\t\t\t\t\t\t\t\t\t<img fetchpriority=\"high\" decoding=\"async\" width=\"260\" height=\"270\" src=\"https:\/\/martamitxelena.com\/wp-content\/uploads\/2024\/07\/Marta-Mitxelena-6-e1721387873503.png\" class=\"attachment-full size-full wp-image-21\" alt=\"\" \/>\t\t\t\t\t\t\t\t\t\t\t\t\t\t\t<\/div>\n\t\t\t\t<\/div>\n\t\t\t\t<div class=\"elementor-element elementor-element-64721df elementor-widget__width-initial elementor-widget elementor-widget-heading\" data-id=\"64721df\" data-element_type=\"widget\" data-widget_type=\"heading.default\">\n\t\t\t\t<div class=\"elementor-widget-container\">\n\t\t\t\t\t<h2 class=\"elementor-heading-title elementor-size-default\">COOPERACI\u00d3N<\/h2>\t\t\t\t<\/div>\n\t\t\t\t<\/div>\n\t\t\t\t<\/div>\n\t\t\t\t<div class=\"elementor-element elementor-element-737b8fc elementor-widget elementor-widget-text-editor\" data-id=\"737b8fc\" data-element_type=\"widget\" data-widget_type=\"text-editor.default\">\n\t\t\t\t<div class=\"elementor-widget-container\">\n\t\t\t\t\t\t\t\t\t<p>Mi recorrido en el mundo de los derechos humanos y la cooperaci\u00f3n al desarrollo durante casi 10 a\u00f1os hace que me sienta muy vinculada a este campo y a las personas que en \u00e9l trabajan. La vida de los expatriados en terreno no es para nada f\u00e1cil. Los contextos de emergencia y ayuda humanitaria son muy hostiles y a menudo se afrontan situaciones de un elevado estr\u00e9s. Es por ello que acompa\u00f1os procesos de acompa\u00f1amiento a personas cooperantes, para que puedan pevenir un posible exceso de estr\u00e9s sostenido a su vez que drenar todas experiencias que ah\u00ed afrontan para poderlas integrar des de la consciencia y no queden retenidas ni atascadas.<\/p>\t\t\t\t\t\t\t\t<\/div>\n\t\t\t\t<\/div>\n\t\t\t\t<\/div>\n\t\t<div class=\"elementor-element elementor-element-defd7bd e-con-full e-flex e-con e-child\" data-id=\"defd7bd\" data-element_type=\"container\">\n\t\t<div class=\"elementor-element elementor-element-df61a42 e-con-full e-flex e-con e-child\" data-id=\"df61a42\" data-element_type=\"container\">\n\t\t\t\t<div class=\"elementor-element elementor-element-58c191d elementor-widget__width-initial elementor-widget elementor-widget-image\" data-id=\"58c191d\" data-element_type=\"widget\" data-widget_type=\"image.default\">\n\t\t\t\t<div class=\"elementor-widget-container\">\n\t\t\t\t\t\t\t\t\t\t\t\t\t\t\t<img fetchpriority=\"high\" decoding=\"async\" width=\"260\" height=\"270\" src=\"https:\/\/martamitxelena.com\/wp-content\/uploads\/2024\/07\/Marta-Mitxelena-6-e1721387873503.png\" class=\"attachment-full size-full wp-image-21\" alt=\"\" \/>\t\t\t\t\t\t\t\t\t\t\t\t\t\t\t<\/div>\n\t\t\t\t<\/div>\n\t\t\t\t<div class=\"elementor-element elementor-element-4ceaa99 elementor-widget__width-initial elementor-widget elementor-widget-heading\" data-id=\"4ceaa99\" data-element_type=\"widget\" data-widget_type=\"heading.default\">\n\t\t\t\t<div class=\"elementor-widget-container\">\n\t\t\t\t\t<h2 class=\"elementor-heading-title elementor-size-default\">FORMACI\u00d3N<\/h2>\t\t\t\t<\/div>\n\t\t\t\t<\/div>\n\t\t\t\t<\/div>\n\t\t\t\t<div class=\"elementor-element elementor-element-97a1725 elementor-widget elementor-widget-text-editor\" data-id=\"97a1725\" data-element_type=\"widget\" data-widget_type=\"text-editor.default\">\n\t\t\t\t<div class=\"elementor-widget-container\">\n\t\t\t\t\t\t\t\t\t<p>Desde el a\u00f1o 2015 trabajo impartiendo formaci\u00f3n en Barcelona (<a href=\"http:\/\/www.espailudic.com\">EspaiLudic &#8211; Escola Gestalt de Catalunya<\/a>) y Gerona (<a href=\"http:\/\/www.gestaltkairos.com\">Gestalt Kair\u00f3s<\/a>) en el marco de la Formaci\u00f3n en Terapia Gestalt. Soy miembro titular y supervisora de la Asociaci\u00f3n Espa\u00f1ola de Terapia Gestalt (AETG). Me apasiona la din\u00e1mica grupal y considero el grupo como un espacio maravilloso para que las personas que forman parte de \u00e9l puedan hacer un trabajo profundo de consciencia sobre ellas mismas y la forma que tienen de estar en el mundo.<\/p>\t\t\t\t\t\t\t\t<\/div>\n\t\t\t\t<\/div>\n\t\t\t\t<\/div>\n\t\t\t\t\t<\/div>\n\t\t\t\t<\/div>\n\t\t<div class=\"elementor-element elementor-element-f51fbf0 e-flex e-con-boxed e-con e-parent\" data-id=\"f51fbf0\" data-element_type=\"container\">\n\t\t\t\t\t<div class=\"e-con-inner\">\n\t\t<div class=\"elementor-element elementor-element-29220c3 e-con-full e-flex e-con e-child\" data-id=\"29220c3\" data-element_type=\"container\">\n\t\t<div class=\"elementor-element elementor-element-5280af3 e-con-full e-flex e-con e-child\" data-id=\"5280af3\" data-element_type=\"container\">\n\t\t\t\t<div class=\"elementor-element elementor-element-e9b225c elementor-widget__width-initial elementor-widget elementor-widget-image\" data-id=\"e9b225c\" data-element_type=\"widget\" data-widget_type=\"image.default\">\n\t\t\t\t<div class=\"elementor-widget-container\">\n\t\t\t\t\t\t\t\t\t\t\t\t\t\t\t<img fetchpriority=\"high\" decoding=\"async\" width=\"260\" height=\"270\" src=\"https:\/\/martamitxelena.com\/wp-content\/uploads\/2024\/07\/Marta-Mitxelena-6-e1721387873503.png\" class=\"attachment-full size-full wp-image-21\" alt=\"\" \/>\t\t\t\t\t\t\t\t\t\t\t\t\t\t\t<\/div>\n\t\t\t\t<\/div>\n\t\t\t\t<div class=\"elementor-element elementor-element-0fabb76 elementor-widget__width-initial elementor-widget elementor-widget-heading\" data-id=\"0fabb76\" data-element_type=\"widget\" data-widget_type=\"heading.default\">\n\t\t\t\t<div class=\"elementor-widget-container\">\n\t\t\t\t\t<h2 class=\"elementor-heading-title elementor-size-default\">SUPERVISI\u00d3N<\/h2>\t\t\t\t<\/div>\n\t\t\t\t<\/div>\n\t\t\t\t<\/div>\n\t\t\t\t<div class=\"elementor-element elementor-element-8be2365 elementor-widget elementor-widget-text-editor\" data-id=\"8be2365\" data-element_type=\"widget\" data-widget_type=\"text-editor.default\">\n\t\t\t\t<div class=\"elementor-widget-container\">\n\t\t\t\t\t\t\t\t\t<p>Desde el a\u00f1o 2022 soy miembro supervisor de la AETG y superviso a terapeutas en su pr\u00e1ctica terap\u00e9utica. En la supervisi\u00f3n integro aspectos personales del terapeuta a la vez que encuadro desde el marco te\u00f3rico con el que trabajo (perspectiva de Gestalt, relacional y teor\u00eda del Trauma) los casos para as\u00ed poder definir las intervenciones terap\u00e9uticas adecuadas en cada proceso.<\/p>\t\t\t\t\t\t\t\t<\/div>\n\t\t\t\t<\/div>\n\t\t\t\t<\/div>\n\t\t\t\t\t<\/div>\n\t\t\t\t<\/div>\n\t\t<div class=\"elementor-element elementor-element-736dc40 e-flex e-con-boxed e-con e-parent\" data-id=\"736dc40\" data-element_type=\"container\" data-settings=\"{&quot;background_background&quot;:&quot;classic&quot;,&quot;shape_divider_top&quot;:&quot;waves&quot;,&quot;shape_divider_bottom&quot;:&quot;waves&quot;}\">\n\t\t\t\t\t<div class=\"e-con-inner\">\n\t\t\t\t<div class=\"elementor-shape elementor-shape-top\" aria-hidden=\"true\" data-negative=\"false\">\n\t\t\t<svg xmlns=\"http:\/\/www.w3.org\/2000\/svg\" viewBox=\"0 0 1000 100\" preserveAspectRatio=\"none\">\n\t<path class=\"elementor-shape-fill\" d=\"M421.9,6.5c22.6-2.5,51.5,0.4,75.5,5.3c23.6,4.9,70.9,23.5,100.5,35.7c75.8,32.2,133.7,44.5,192.6,49.7\n\tc23.6,2.1,48.7,3.5,103.4-2.5c54.7-6,106.2-25.6,106.2-25.6V0H0v30.3c0,0,72,32.6,158.4,30.5c39.2-0.7,92.8-6.7,134-22.4\n\tc21.2-8.1,52.2-18.2,79.7-24.2C399.3,7.9,411.6,7.5,421.9,6.5z\"\/>\n<\/svg>\t\t<\/div>\n\t\t\t\t<div class=\"elementor-shape elementor-shape-bottom\" aria-hidden=\"true\" data-negative=\"false\">\n\t\t\t<svg xmlns=\"http:\/\/www.w3.org\/2000\/svg\" viewBox=\"0 0 1000 100\" preserveAspectRatio=\"none\">\n\t<path class=\"elementor-shape-fill\" d=\"M421.9,6.5c22.6-2.5,51.5,0.4,75.5,5.3c23.6,4.9,70.9,23.5,100.5,35.7c75.8,32.2,133.7,44.5,192.6,49.7\n\tc23.6,2.1,48.7,3.5,103.4-2.5c54.7-6,106.2-25.6,106.2-25.6V0H0v30.3c0,0,72,32.6,158.4,30.5c39.2-0.7,92.8-6.7,134-22.4\n\tc21.2-8.1,52.2-18.2,79.7-24.2C399.3,7.9,411.6,7.5,421.9,6.5z\"\/>\n<\/svg>\t\t<\/div>\n\t\t\t\t<div class=\"elementor-element elementor-element-e582f07 elementor-widget elementor-widget-heading\" data-id=\"e582f07\" data-element_type=\"widget\" data-widget_type=\"heading.default\">\n\t\t\t\t<div class=\"elementor-widget-container\">\n\t\t\t\t\t<h2 class=\"elementor-heading-title elementor-size-default\">CONT\u00c1CTAME<\/h2>\t\t\t\t<\/div>\n\t\t\t\t<\/div>\n\t\t\t\t<div class=\"elementor-element elementor-element-542aad0 elementor-widget__width-initial elementor-widget elementor-widget-text-editor\" data-id=\"542aad0\" data-element_type=\"widget\" data-widget_type=\"text-editor.default\">\n\t\t\t\t<div class=\"elementor-widget-container\">\n\t\t\t\t\t\t\t\t\t<p>Aqu\u00ed estoy si sientes que te puedo acompa\u00f1ar.<\/p>\t\t\t\t\t\t\t\t<\/div>\n\t\t\t\t<\/div>\n\t\t\t\t<div class=\"elementor-element elementor-element-9f4edbe elementor-align-center elementor-widget elementor-widget-button\" data-id=\"9f4edbe\" data-element_type=\"widget\" data-widget_type=\"button.default\">\n\t\t\t\t<div class=\"elementor-widget-container\">\n\t\t\t\t\t\t\t\t\t<div class=\"elementor-button-wrapper\">\n\t\t\t\t\t<a class=\"elementor-button elementor-button-link elementor-size-sm\" href=\"https:\/\/martamitxelena.com\/es\/contacto\/\">\n\t\t\t\t\t\t<span class=\"elementor-button-content-wrapper\">\n\t\t\t\t\t\t\t\t\t<span class=\"elementor-button-text\">CONTACTAR<\/span>\n\t\t\t\t\t<\/span>\n\t\t\t\t\t<\/a>\n\t\t\t\t<\/div>\n\t\t\t\t\t\t\t\t<\/div>\n\t\t\t\t<\/div>\n\t\t\t\t\t<\/div>\n\t\t\t\t<\/div>\n\t\t\t\t<\/div>\n\t\t","protected":false},"excerpt":{"rendered":"<p>Servicios y terapias Terapia presencial Terapia online TERAPIA INDIVIDUAL La terapia individual es un espacio de intimidad contigo misma donde poder explorar tu mundo intrapersonal para comprenderte y orientarte mejor en tu vida. El mundo intrapersonal es \u00fanico en cada persona y engloba la parte de sensaciones corporales, emociones, pensamientos, darse cuentas, aprendizajes, conclusiones y [&hellip;]<\/p>\n","protected":false},"author":1,"featured_media":0,"parent":0,"menu_order":0,"comment_status":"closed","ping_status":"closed","template":"","meta":{"footnotes":""},"class_list":["post-69","page","type-page","status-publish","hentry"],"yoast_head":"<title>Servicios - Marta Mitxelena<\/title>\n<meta name=\"robots\" content=\"index, follow, max-snippet:-1, max-image-preview:large, max-video-preview:-1\" \/>\n<link rel=\"canonical\" href=\"https:\/\/martamitxelena.com\/es\/servicios\/\" \/>\n<meta property=\"og:locale\" content=\"es_ES\" \/>\n<meta property=\"og:type\" content=\"article\" \/>\n<meta property=\"og:title\" content=\"Servicios - Marta Mitxelena\" \/>\n<meta property=\"og:description\" content=\"Servicios y terapias Terapia presencial Terapia online TERAPIA INDIVIDUAL La terapia individual es un espacio de intimidad contigo misma donde poder explorar tu mundo intrapersonal para comprenderte y orientarte mejor en tu vida. El mundo intrapersonal es \u00fanico en cada persona y engloba la parte de sensaciones corporales, emociones, pensamientos, darse cuentas, aprendizajes, conclusiones y [&hellip;]\" \/>\n<meta property=\"og:url\" content=\"https:\/\/martamitxelena.com\/es\/servicios\/\" \/>\n<meta property=\"og:site_name\" content=\"Marta Mitxelena\" \/>\n<meta property=\"article:modified_time\" content=\"2024-12-28T16:02:43+00:00\" \/>\n<meta property=\"og:image\" content=\"https:\/\/martamitxelena.com\/wp-content\/uploads\/2024\/07\/Marta-Mitxelena-6-e1721387873503.png\" \/>\n\t<meta property=\"og:image:width\" content=\"260\" \/>\n\t<meta property=\"og:image:height\" content=\"270\" \/>\n\t<meta property=\"og:image:type\" content=\"image\/png\" \/>\n<meta name=\"twitter:card\" content=\"summary_large_image\" \/>\n<meta name=\"twitter:label1\" content=\"Tiempo de lectura\" \/>\n\t<meta name=\"twitter:data1\" content=\"4 minutos\" \/>\n<script type=\"application\/ld+json\" class=\"yoast-schema-graph\">{\"@context\":\"https:\/\/schema.org\",\"@graph\":[{\"@type\":\"WebPage\",\"@id\":\"https:\/\/martamitxelena.com\/servicios\/\",\"url\":\"https:\/\/martamitxelena.com\/servicios\/\",\"name\":\"Servicios - Marta Mitxelena\",\"isPartOf\":{\"@id\":\"https:\/\/martamitxelena.com\/#website\"},\"primaryImageOfPage\":{\"@id\":\"https:\/\/martamitxelena.com\/servicios\/#primaryimage\"},\"image\":{\"@id\":\"https:\/\/martamitxelena.com\/servicios\/#primaryimage\"},\"thumbnailUrl\":\"https:\/\/martamitxelena.com\/wp-content\/uploads\/2024\/07\/Marta-Mitxelena-6-e1721387873503.png\",\"datePublished\":\"2024-07-19T12:45:50+00:00\",\"dateModified\":\"2024-12-28T16:02:43+00:00\",\"breadcrumb\":{\"@id\":\"https:\/\/martamitxelena.com\/servicios\/#breadcrumb\"},\"inLanguage\":\"es\",\"potentialAction\":[{\"@type\":\"ReadAction\",\"target\":[\"https:\/\/martamitxelena.com\/servicios\/\"]}]},{\"@type\":\"ImageObject\",\"inLanguage\":\"es\",\"@id\":\"https:\/\/martamitxelena.com\/servicios\/#primaryimage\",\"url\":\"https:\/\/martamitxelena.com\/wp-content\/uploads\/2024\/07\/Marta-Mitxelena-6-e1721387873503.png\",\"contentUrl\":\"https:\/\/martamitxelena.com\/wp-content\/uploads\/2024\/07\/Marta-Mitxelena-6-e1721387873503.png\"},{\"@type\":\"BreadcrumbList\",\"@id\":\"https:\/\/martamitxelena.com\/servicios\/#breadcrumb\",\"itemListElement\":[{\"@type\":\"ListItem\",\"position\":1,\"name\":\"Portada\",\"item\":\"https:\/\/martamitxelena.com\/\"},{\"@type\":\"ListItem\",\"position\":2,\"name\":\"Servicios\"}]},{\"@type\":\"WebSite\",\"@id\":\"https:\/\/martamitxelena.com\/#website\",\"url\":\"https:\/\/martamitxelena.com\/\",\"name\":\"Marta Mitxelena\",\"description\":\"Gestalt Trauma Formaci\u00f3n Supervisi\u00f3n\",\"publisher\":{\"@id\":\"https:\/\/martamitxelena.com\/#organization\"},\"potentialAction\":[{\"@type\":\"SearchAction\",\"target\":{\"@type\":\"EntryPoint\",\"urlTemplate\":\"https:\/\/martamitxelena.com\/?s={search_term_string}\"},\"query-input\":{\"@type\":\"PropertyValueSpecification\",\"valueRequired\":true,\"valueName\":\"search_term_string\"}}],\"inLanguage\":\"es\"},{\"@type\":\"Organization\",\"@id\":\"https:\/\/martamitxelena.com\/#organization\",\"name\":\"Marta Mitxelena\",\"url\":\"https:\/\/martamitxelena.com\/\",\"logo\":{\"@type\":\"ImageObject\",\"inLanguage\":\"es\",\"@id\":\"https:\/\/martamitxelena.com\/#\/schema\/logo\/image\/\",\"url\":\"https:\/\/martamitxelena.com\/wp-content\/uploads\/2024\/07\/Marta-Mitxelena-7-e1721386948471.png\",\"contentUrl\":\"https:\/\/martamitxelena.com\/wp-content\/uploads\/2024\/07\/Marta-Mitxelena-7-e1721386948471.png\",\"width\":921,\"height\":173,\"caption\":\"Marta Mitxelena\"},\"image\":{\"@id\":\"https:\/\/martamitxelena.com\/#\/schema\/logo\/image\/\"},\"sameAs\":[\"https:\/\/www.linkedin.com\/in\/marta-michelena-56b18718b\/\"]}]}<\/script>","yoast_head_json":{"title":"Servicios - Marta Mitxelena","robots":{"index":"index","follow":"follow","max-snippet":"max-snippet:-1","max-image-preview":"max-image-preview:large","max-video-preview":"max-video-preview:-1"},"canonical":"https:\/\/martamitxelena.com\/es\/servicios\/","og_locale":"es_ES","og_type":"article","og_title":"Servicios - Marta Mitxelena","og_description":"Servicios y terapias Terapia presencial Terapia online TERAPIA INDIVIDUAL La terapia individual es un espacio de intimidad contigo misma donde poder explorar tu mundo intrapersonal para comprenderte y orientarte mejor en tu vida. El mundo intrapersonal es \u00fanico en cada persona y engloba la parte de sensaciones corporales, emociones, pensamientos, darse cuentas, aprendizajes, conclusiones y [&hellip;]","og_url":"https:\/\/martamitxelena.com\/es\/servicios\/","og_site_name":"Marta Mitxelena","article_modified_time":"2024-12-28T16:02:43+00:00","og_image":[{"width":260,"height":270,"url":"https:\/\/martamitxelena.com\/wp-content\/uploads\/2024\/07\/Marta-Mitxelena-6-e1721387873503.png","type":"image\/png"}],"twitter_card":"summary_large_image","twitter_misc":{"Tiempo de lectura":"4 minutos"},"schema":{"@context":"https:\/\/schema.org","@graph":[{"@type":"WebPage","@id":"https:\/\/martamitxelena.com\/servicios\/","url":"https:\/\/martamitxelena.com\/servicios\/","name":"Servicios - Marta Mitxelena","isPartOf":{"@id":"https:\/\/martamitxelena.com\/#website"},"primaryImageOfPage":{"@id":"https:\/\/martamitxelena.com\/servicios\/#primaryimage"},"image":{"@id":"https:\/\/martamitxelena.com\/servicios\/#primaryimage"},"thumbnailUrl":"https:\/\/martamitxelena.com\/wp-content\/uploads\/2024\/07\/Marta-Mitxelena-6-e1721387873503.png","datePublished":"2024-07-19T12:45:50+00:00","dateModified":"2024-12-28T16:02:43+00:00","breadcrumb":{"@id":"https:\/\/martamitxelena.com\/servicios\/#breadcrumb"},"inLanguage":"es","potentialAction":[{"@type":"ReadAction","target":["https:\/\/martamitxelena.com\/servicios\/"]}]},{"@type":"ImageObject","inLanguage":"es","@id":"https:\/\/martamitxelena.com\/servicios\/#primaryimage","url":"https:\/\/martamitxelena.com\/wp-content\/uploads\/2024\/07\/Marta-Mitxelena-6-e1721387873503.png","contentUrl":"https:\/\/martamitxelena.com\/wp-content\/uploads\/2024\/07\/Marta-Mitxelena-6-e1721387873503.png"},{"@type":"BreadcrumbList","@id":"https:\/\/martamitxelena.com\/servicios\/#breadcrumb","itemListElement":[{"@type":"ListItem","position":1,"name":"Portada","item":"https:\/\/martamitxelena.com\/"},{"@type":"ListItem","position":2,"name":"Servicios"}]},{"@type":"WebSite","@id":"https:\/\/martamitxelena.com\/#website","url":"https:\/\/martamitxelena.com\/","name":"Marta Mitxelena","description":"Gestalt Trauma Formaci\u00f3n Supervisi\u00f3n","publisher":{"@id":"https:\/\/martamitxelena.com\/#organization"},"potentialAction":[{"@type":"SearchAction","target":{"@type":"EntryPoint","urlTemplate":"https:\/\/martamitxelena.com\/?s={search_term_string}"},"query-input":{"@type":"PropertyValueSpecification","valueRequired":true,"valueName":"search_term_string"}}],"inLanguage":"es"},{"@type":"Organization","@id":"https:\/\/martamitxelena.com\/#organization","name":"Marta Mitxelena","url":"https:\/\/martamitxelena.com\/","logo":{"@type":"ImageObject","inLanguage":"es","@id":"https:\/\/martamitxelena.com\/#\/schema\/logo\/image\/","url":"https:\/\/martamitxelena.com\/wp-content\/uploads\/2024\/07\/Marta-Mitxelena-7-e1721386948471.png","contentUrl":"https:\/\/martamitxelena.com\/wp-content\/uploads\/2024\/07\/Marta-Mitxelena-7-e1721386948471.png","width":921,"height":173,"caption":"Marta Mitxelena"},"image":{"@id":"https:\/\/martamitxelena.com\/#\/schema\/logo\/image\/"},"sameAs":["https:\/\/www.linkedin.com\/in\/marta-michelena-56b18718b\/"]}]}},"_links":{"self":[{"href":"https:\/\/martamitxelena.com\/es\/wp-json\/wp\/v2\/pages\/69","targetHints":{"allow":["GET"]}}],"collection":[{"href":"https:\/\/martamitxelena.com\/es\/wp-json\/wp\/v2\/pages"}],"about":[{"href":"https:\/\/martamitxelena.com\/es\/wp-json\/wp\/v2\/types\/page"}],"author":[{"embeddable":true,"href":"https:\/\/martamitxelena.com\/es\/wp-json\/wp\/v2\/users\/1"}],"replies":[{"embeddable":true,"href":"https:\/\/martamitxelena.com\/es\/wp-json\/wp\/v2\/comments?post=69"}],"version-history":[{"count":55,"href":"https:\/\/martamitxelena.com\/es\/wp-json\/wp\/v2\/pages\/69\/revisions"}],"predecessor-version":[{"id":473,"href":"https:\/\/martamitxelena.com\/es\/wp-json\/wp\/v2\/pages\/69\/revisions\/473"}],"wp:attachment":[{"href":"https:\/\/martamitxelena.com\/es\/wp-json\/wp\/v2\/media?parent=69"}],"curies":[{"name":"wp","href":"https:\/\/api.w.org\/{rel}","templated":true}]}}