{"id":69,"date":"2024-07-19T14:45:50","date_gmt":"2024-07-19T12:45:50","guid":{"rendered":"https:\/\/martamitxelena.com\/?page_id=69"},"modified":"2024-12-28T17:02:43","modified_gmt":"2024-12-28T16:02:43","slug":"servicios","status":"publish","type":"page","link":"https:\/\/martamitxelena.com\/cat\/servicios\/","title":{"rendered":"Serveis"},"content":{"rendered":"<div data-elementor-type=\"wp-page\" data-elementor-id=\"69\" class=\"elementor elementor-69\" data-elementor-post-type=\"page\">\n\t\t\t\t<div class=\"elementor-element elementor-element-e24be2d e-flex e-con-boxed e-con e-parent\" data-id=\"e24be2d\" data-element_type=\"container\" data-settings=\"{&quot;background_background&quot;:&quot;classic&quot;,&quot;shape_divider_bottom&quot;:&quot;waves&quot;}\">\n\t\t\t\t\t<div class=\"e-con-inner\">\n\t\t\t\t<div class=\"elementor-shape elementor-shape-bottom\" aria-hidden=\"true\" data-negative=\"false\">\n\t\t\t<svg xmlns=\"http:\/\/www.w3.org\/2000\/svg\" viewbox=\"0 0 1000 100\" preserveaspectratio=\"none\">\n\t<path class=\"elementor-shape-fill\" d=\"M421.9,6.5c22.6-2.5,51.5,0.4,75.5,5.3c23.6,4.9,70.9,23.5,100.5,35.7c75.8,32.2,133.7,44.5,192.6,49.7\tc23.6,2.1,48.7,3.5,103.4-2.5c54.7-6,106.2-25.6,106.2-25.6V0H0v30.3c0,0,72,32.6,158.4,30.5c39.2-0.7,92.8-6.7,134-22.4\tc21.2-8.1,52.2-18.2,79.7-24.2C399.3,7.9,411.6,7.5,421.9,6.5z\"\/>\n<\/svg>\t\t<\/div>\n\t\t<div class=\"elementor-element elementor-element-ab05419 e-con-full e-flex e-con e-child\" data-id=\"ab05419\" data-element_type=\"container\">\n\t\t\t\t<div class=\"elementor-element elementor-element-fd84c8f elementor-widget__width-initial elementor-widget elementor-widget-heading\" data-id=\"fd84c8f\" data-element_type=\"widget\" data-widget_type=\"heading.default\">\n\t\t\t\t<div class=\"elementor-widget-container\">\n\t\t\t\t\t<h1 class=\"elementor-heading-title elementor-size-default\">Serveis i ter\u00e0pies<\/h1>\t\t\t\t<\/div>\n\t\t\t\t<\/div>\n\t\t\t\t<div class=\"elementor-element elementor-element-2387bf3 elementor-icon-list--layout-inline elementor-align-center elementor-list-item-link-full_width elementor-widget elementor-widget-icon-list\" data-id=\"2387bf3\" data-element_type=\"widget\" data-widget_type=\"icon-list.default\">\n\t\t\t\t<div class=\"elementor-widget-container\">\n\t\t\t\t\t\t\t<ul class=\"elementor-icon-list-items elementor-inline-items\">\n\t\t\t\t\t\t\t<li class=\"elementor-icon-list-item elementor-inline-item\">\n\t\t\t\t\t\t\t\t\t\t<span class=\"elementor-icon-list-text\">Ter\u00e0pia presencial<\/span>\n\t\t\t\t\t\t\t\t\t<\/li>\n\t\t\t\t\t\t\t\t<li class=\"elementor-icon-list-item elementor-inline-item\">\n\t\t\t\t\t\t\t\t\t\t<span class=\"elementor-icon-list-text\">Ter\u00e0pia en l\u00ednia<\/span>\n\t\t\t\t\t\t\t\t\t<\/li>\n\t\t\t\t\t\t<\/ul>\n\t\t\t\t\t\t<\/div>\n\t\t\t\t<\/div>\n\t\t\t\t<\/div>\n\t\t\t\t\t<\/div>\n\t\t\t\t<\/div>\n\t\t<div class=\"elementor-element elementor-element-fa4713a e-flex e-con-boxed e-con e-parent\" data-id=\"fa4713a\" data-element_type=\"container\">\n\t\t\t\t\t<div class=\"e-con-inner\">\n\t\t<div class=\"elementor-element elementor-element-2368a56 e-con-full e-flex e-con e-child\" data-id=\"2368a56\" data-element_type=\"container\">\n\t\t<div class=\"elementor-element elementor-element-8d70b40 e-con-full e-flex e-con e-child\" data-id=\"8d70b40\" data-element_type=\"container\">\n\t\t\t\t<div class=\"elementor-element elementor-element-7b881a8 elementor-widget__width-initial elementor-widget elementor-widget-image\" data-id=\"7b881a8\" data-element_type=\"widget\" data-widget_type=\"image.default\">\n\t\t\t\t<div class=\"elementor-widget-container\">\n\t\t\t\t\t\t\t\t\t\t\t\t\t\t\t<img fetchpriority=\"high\" decoding=\"async\" width=\"260\" height=\"270\" src=\"https:\/\/martamitxelena.com\/wp-content\/uploads\/2024\/07\/Marta-Mitxelena-6-e1721387873503.png\" class=\"attachment-full size-full wp-image-21\" alt=\"\" \/>\t\t\t\t\t\t\t\t\t\t\t\t\t\t\t<\/div>\n\t\t\t\t<\/div>\n\t\t\t\t<div class=\"elementor-element elementor-element-8067905 elementor-widget__width-initial elementor-widget elementor-widget-heading\" data-id=\"8067905\" data-element_type=\"widget\" data-widget_type=\"heading.default\">\n\t\t\t\t<div class=\"elementor-widget-container\">\n\t\t\t\t\t<h2 class=\"elementor-heading-title elementor-size-default\">TER\u00c0PIA INDIVIDUAL<\/h2>\t\t\t\t<\/div>\n\t\t\t\t<\/div>\n\t\t\t\t<\/div>\n\t\t\t\t<div class=\"elementor-element elementor-element-d7294bf elementor-widget__width-inherit elementor-widget elementor-widget-text-editor\" data-id=\"d7294bf\" data-element_type=\"widget\" data-widget_type=\"text-editor.default\">\n\t\t\t\t<div class=\"elementor-widget-container\">\n\t\t\t\t\t\t\t\t\t<p>La ter\u00e0pia individual \u00e9s un espai d'intimitat amb tu mateixa on poder explorar el teu m\u00f3n intrapersonal per comprendre't i orientar-te millor a la teva vida. El m\u00f3n intrapersonal \u00e9s \u00fanic en cada persona i engloba la part de sensacions corporals, emocions, pensaments, adonar-se'ns, aprenentatges, conclusions i decisions, quan estem en relaci\u00f3 amb les altres. Tamb\u00e9 engloba l' exploraci\u00f3 de parts internes i la relaci\u00f3 que existeix entre elles. La integraci\u00f3 de la consci\u00e8ncia de tot plegat ser\u00e0 el nostre principal treball.<\/p>\t\t\t\t\t\t\t\t<\/div>\n\t\t\t\t<\/div>\n\t\t\t\t<\/div>\n\t\t<div class=\"elementor-element elementor-element-32543e3 e-con-full e-flex e-con e-child\" data-id=\"32543e3\" data-element_type=\"container\">\n\t\t<div class=\"elementor-element elementor-element-92deb90 e-con-full e-flex e-con e-child\" data-id=\"92deb90\" data-element_type=\"container\">\n\t\t\t\t<div class=\"elementor-element elementor-element-e21d149 elementor-widget__width-initial elementor-widget elementor-widget-image\" data-id=\"e21d149\" data-element_type=\"widget\" data-widget_type=\"image.default\">\n\t\t\t\t<div class=\"elementor-widget-container\">\n\t\t\t\t\t\t\t\t\t\t\t\t\t\t\t<img fetchpriority=\"high\" decoding=\"async\" width=\"260\" height=\"270\" src=\"https:\/\/martamitxelena.com\/wp-content\/uploads\/2024\/07\/Marta-Mitxelena-6-e1721387873503.png\" class=\"attachment-full size-full wp-image-21\" alt=\"\" \/>\t\t\t\t\t\t\t\t\t\t\t\t\t\t\t<\/div>\n\t\t\t\t<\/div>\n\t\t\t\t<div class=\"elementor-element elementor-element-62c57c2 elementor-widget__width-initial elementor-widget elementor-widget-heading\" data-id=\"62c57c2\" data-element_type=\"widget\" data-widget_type=\"heading.default\">\n\t\t\t\t<div class=\"elementor-widget-container\">\n\t\t\t\t\t<h2 class=\"elementor-heading-title elementor-size-default\">TER\u00c0PIA DE PARELLA<\/h2>\t\t\t\t<\/div>\n\t\t\t\t<\/div>\n\t\t\t\t<\/div>\n\t\t\t\t<div class=\"elementor-element elementor-element-68dba58 elementor-widget elementor-widget-text-editor\" data-id=\"68dba58\" data-element_type=\"widget\" data-widget_type=\"text-editor.default\">\n\t\t\t\t<div class=\"elementor-widget-container\">\n\t\t\t\t\t\t\t\t\t<p>La ter\u00e0pia de parella \u00e9s un espai on poder con\u00e8ixer-se i recon\u00e8ixer-se davant l'altra persona, saber qu\u00e8 necessita cadascuna, i poder construir un \"nosaltres\" nutritiu i sostenidor. \u00c9s una oportunitat per prendre m\u00e9s consci\u00e8ncia de com ens mostrem en els vincles \u00ednitms i poder, si \u00e9s el cas, acceptar aspectes del passat no resolts per no portar-los al present. Treballo, entre altres, des de la teoria de l'aferrament per poder comprendre din\u00e0miques internes de comportament dins la parella. Tamb\u00e9 poso el focus en practicar una comunicaci\u00f3 no violenta que faciliti l'entesa i la resoluci\u00f3 dels conflictes.<\/p>\t\t\t\t\t\t\t\t<\/div>\n\t\t\t\t<\/div>\n\t\t\t\t<\/div>\n\t\t\t\t\t<\/div>\n\t\t\t\t<\/div>\n\t\t<div class=\"elementor-element elementor-element-ed5d523 e-flex e-con-boxed e-con e-parent\" data-id=\"ed5d523\" data-element_type=\"container\">\n\t\t\t\t\t<div class=\"e-con-inner\">\n\t\t<div class=\"elementor-element elementor-element-d566722 e-con-full e-flex e-con e-child\" data-id=\"d566722\" data-element_type=\"container\">\n\t\t<div class=\"elementor-element elementor-element-6d51116 e-con-full e-flex e-con e-child\" data-id=\"6d51116\" data-element_type=\"container\">\n\t\t\t\t<div class=\"elementor-element elementor-element-f270e58 elementor-widget__width-initial elementor-widget elementor-widget-image\" data-id=\"f270e58\" data-element_type=\"widget\" data-widget_type=\"image.default\">\n\t\t\t\t<div class=\"elementor-widget-container\">\n\t\t\t\t\t\t\t\t\t\t\t\t\t\t\t<img fetchpriority=\"high\" decoding=\"async\" width=\"260\" height=\"270\" src=\"https:\/\/martamitxelena.com\/wp-content\/uploads\/2024\/07\/Marta-Mitxelena-6-e1721387873503.png\" class=\"attachment-full size-full wp-image-21\" alt=\"\" \/>\t\t\t\t\t\t\t\t\t\t\t\t\t\t\t<\/div>\n\t\t\t\t<\/div>\n\t\t\t\t<div class=\"elementor-element elementor-element-64721df elementor-widget__width-initial elementor-widget elementor-widget-heading\" data-id=\"64721df\" data-element_type=\"widget\" data-widget_type=\"heading.default\">\n\t\t\t\t<div class=\"elementor-widget-container\">\n\t\t\t\t\t<h2 class=\"elementor-heading-title elementor-size-default\">COOPERACI\u00d3 I DRETS HUMANS<\/h2>\t\t\t\t<\/div>\n\t\t\t\t<\/div>\n\t\t\t\t<\/div>\n\t\t\t\t<div class=\"elementor-element elementor-element-737b8fc elementor-widget elementor-widget-text-editor\" data-id=\"737b8fc\" data-element_type=\"widget\" data-widget_type=\"text-editor.default\">\n\t\t\t\t<div class=\"elementor-widget-container\">\n\t\t\t\t\t\t\t\t\t<p>El meu recorregut en el m\u00f3n dels drets humans i la cooperaci\u00f3 al desenvolupament durant gaireb\u00e9 10 anys fa que em senti molt vinculada a aquest camp i a les persones que hi treballen. La vida dels expatriats en terreny no \u00e9s gens f\u00e0cil. Els contextos d' emerg\u00e8ncia i ajuda humanit\u00e0ria s\u00f3n molt hostils i sovint s' afronten situacions d' un elevat estr\u00e8s. Per tot aix\u00f2, acompanyo a persones a terreny a fi que puguin prevenir un possible estr\u00e8s post-traum\u00e0tic. L\u2019objectiu d\u2019aquests sessions \u00e9s oferir un espai  on poder anar integrant i processant les situacions dif\u00edcils i evitar que quedin retingudes alterant la pr\u00f2pia capacitat de regulaci\u00f3 de la persona.<\/p>\t\t\t\t\t\t\t\t<\/div>\n\t\t\t\t<\/div>\n\t\t\t\t<\/div>\n\t\t<div class=\"elementor-element elementor-element-defd7bd e-con-full e-flex e-con e-child\" data-id=\"defd7bd\" data-element_type=\"container\">\n\t\t<div class=\"elementor-element elementor-element-df61a42 e-con-full e-flex e-con e-child\" data-id=\"df61a42\" data-element_type=\"container\">\n\t\t\t\t<div class=\"elementor-element elementor-element-58c191d elementor-widget__width-initial elementor-widget elementor-widget-image\" data-id=\"58c191d\" data-element_type=\"widget\" data-widget_type=\"image.default\">\n\t\t\t\t<div class=\"elementor-widget-container\">\n\t\t\t\t\t\t\t\t\t\t\t\t\t\t\t<img fetchpriority=\"high\" decoding=\"async\" width=\"260\" height=\"270\" src=\"https:\/\/martamitxelena.com\/wp-content\/uploads\/2024\/07\/Marta-Mitxelena-6-e1721387873503.png\" class=\"attachment-full size-full wp-image-21\" alt=\"\" \/>\t\t\t\t\t\t\t\t\t\t\t\t\t\t\t<\/div>\n\t\t\t\t<\/div>\n\t\t\t\t<div class=\"elementor-element elementor-element-4ceaa99 elementor-widget__width-initial elementor-widget elementor-widget-heading\" data-id=\"4ceaa99\" data-element_type=\"widget\" data-widget_type=\"heading.default\">\n\t\t\t\t<div class=\"elementor-widget-container\">\n\t\t\t\t\t<h2 class=\"elementor-heading-title elementor-size-default\">FORMACI\u00d3<\/h2>\t\t\t\t<\/div>\n\t\t\t\t<\/div>\n\t\t\t\t<\/div>\n\t\t\t\t<div class=\"elementor-element elementor-element-97a1725 elementor-widget elementor-widget-text-editor\" data-id=\"97a1725\" data-element_type=\"widget\" data-widget_type=\"text-editor.default\">\n\t\t\t\t<div class=\"elementor-widget-container\">\n\t\t\t\t\t\t\t\t\t<p class=\"translation-block\">Des de l'any 2015 treballo impartint formaci\u00f3 primer a  Barcelona (<a href=\"http:\/\/www.espailudic.com\" target=\"_self\">EspaiLudic \u2013 Escola Gestalt de Catalunya<\/a>) i despr\u00e9s a Girona (<a href=\"http:\/\/www.gestaltkairos.com\" target=\"_self\">Gestalt Kair\u00f3s<\/a>) en el marc de la Formaci\u00f3 en Ter\u00e0pia Gestalt. S\u00f3c membre titular i supervisora de l'Associaci\u00f3 Espanyola de Ter\u00e0pia Gestalt (AETG). M'apassiona la din\u00e0mica grupal i considero el grup com un espai meravell\u00f3s perqu\u00e8 les persones que en formen part puguin fer un treball profund de consci\u00e8ncia sobre elles mateixes i la forma que tenen d'estar al m\u00f3n.<\/p>\t\t\t\t\t\t\t\t<\/div>\n\t\t\t\t<\/div>\n\t\t\t\t<\/div>\n\t\t\t\t\t<\/div>\n\t\t\t\t<\/div>\n\t\t<div class=\"elementor-element elementor-element-f51fbf0 e-flex e-con-boxed e-con e-parent\" data-id=\"f51fbf0\" data-element_type=\"container\">\n\t\t\t\t\t<div class=\"e-con-inner\">\n\t\t<div class=\"elementor-element elementor-element-29220c3 e-con-full e-flex e-con e-child\" data-id=\"29220c3\" data-element_type=\"container\">\n\t\t<div class=\"elementor-element elementor-element-5280af3 e-con-full e-flex e-con e-child\" data-id=\"5280af3\" data-element_type=\"container\">\n\t\t\t\t<div class=\"elementor-element elementor-element-e9b225c elementor-widget__width-initial elementor-widget elementor-widget-image\" data-id=\"e9b225c\" data-element_type=\"widget\" data-widget_type=\"image.default\">\n\t\t\t\t<div class=\"elementor-widget-container\">\n\t\t\t\t\t\t\t\t\t\t\t\t\t\t\t<img fetchpriority=\"high\" decoding=\"async\" width=\"260\" height=\"270\" src=\"https:\/\/martamitxelena.com\/wp-content\/uploads\/2024\/07\/Marta-Mitxelena-6-e1721387873503.png\" class=\"attachment-full size-full wp-image-21\" alt=\"\" \/>\t\t\t\t\t\t\t\t\t\t\t\t\t\t\t<\/div>\n\t\t\t\t<\/div>\n\t\t\t\t<div class=\"elementor-element elementor-element-0fabb76 elementor-widget__width-initial elementor-widget elementor-widget-heading\" data-id=\"0fabb76\" data-element_type=\"widget\" data-widget_type=\"heading.default\">\n\t\t\t\t<div class=\"elementor-widget-container\">\n\t\t\t\t\t<h2 class=\"elementor-heading-title elementor-size-default\">SUPERVISI\u00d3<\/h2>\t\t\t\t<\/div>\n\t\t\t\t<\/div>\n\t\t\t\t<\/div>\n\t\t\t\t<div class=\"elementor-element elementor-element-8be2365 elementor-widget elementor-widget-text-editor\" data-id=\"8be2365\" data-element_type=\"widget\" data-widget_type=\"text-editor.default\">\n\t\t\t\t<div class=\"elementor-widget-container\">\n\t\t\t\t\t\t\t\t\t<p>Des de l'any 2022 s\u00f3c membre supervisor de l'AETG i superviso a terapeutes en la seva pr\u00e0ctica terap\u00e8utica. En la supervisi\u00f3 integro aspectes personals del terapeuta alhora que enmarquem des del marc te\u00f2ric (teoria de la Gestalt, perspectiva relacional i teoria del Trauma) els casos per aix\u00ed poder definir les intervencions terap\u00e8utiques adequades en cada proc\u00e9s.<\/p>\t\t\t\t\t\t\t\t<\/div>\n\t\t\t\t<\/div>\n\t\t\t\t<\/div>\n\t\t\t\t\t<\/div>\n\t\t\t\t<\/div>\n\t\t<div class=\"elementor-element elementor-element-736dc40 e-flex e-con-boxed e-con e-parent\" data-id=\"736dc40\" data-element_type=\"container\" data-settings=\"{&quot;background_background&quot;:&quot;classic&quot;,&quot;shape_divider_top&quot;:&quot;waves&quot;,&quot;shape_divider_bottom&quot;:&quot;waves&quot;}\">\n\t\t\t\t\t<div class=\"e-con-inner\">\n\t\t\t\t<div class=\"elementor-shape elementor-shape-top\" aria-hidden=\"true\" data-negative=\"false\">\n\t\t\t<svg xmlns=\"http:\/\/www.w3.org\/2000\/svg\" viewbox=\"0 0 1000 100\" preserveaspectratio=\"none\">\n\t<path class=\"elementor-shape-fill\" d=\"M421.9,6.5c22.6-2.5,51.5,0.4,75.5,5.3c23.6,4.9,70.9,23.5,100.5,35.7c75.8,32.2,133.7,44.5,192.6,49.7\tc23.6,2.1,48.7,3.5,103.4-2.5c54.7-6,106.2-25.6,106.2-25.6V0H0v30.3c0,0,72,32.6,158.4,30.5c39.2-0.7,92.8-6.7,134-22.4\tc21.2-8.1,52.2-18.2,79.7-24.2C399.3,7.9,411.6,7.5,421.9,6.5z\"\/>\n<\/svg>\t\t<\/div>\n\t\t\t\t<div class=\"elementor-shape elementor-shape-bottom\" aria-hidden=\"true\" data-negative=\"false\">\n\t\t\t<svg xmlns=\"http:\/\/www.w3.org\/2000\/svg\" viewbox=\"0 0 1000 100\" preserveaspectratio=\"none\">\n\t<path class=\"elementor-shape-fill\" d=\"M421.9,6.5c22.6-2.5,51.5,0.4,75.5,5.3c23.6,4.9,70.9,23.5,100.5,35.7c75.8,32.2,133.7,44.5,192.6,49.7\tc23.6,2.1,48.7,3.5,103.4-2.5c54.7-6,106.2-25.6,106.2-25.6V0H0v30.3c0,0,72,32.6,158.4,30.5c39.2-0.7,92.8-6.7,134-22.4\tc21.2-8.1,52.2-18.2,79.7-24.2C399.3,7.9,411.6,7.5,421.9,6.5z\"\/>\n<\/svg>\t\t<\/div>\n\t\t\t\t<div class=\"elementor-element elementor-element-e582f07 elementor-widget elementor-widget-heading\" data-id=\"e582f07\" data-element_type=\"widget\" data-widget_type=\"heading.default\">\n\t\t\t\t<div class=\"elementor-widget-container\">\n\t\t\t\t\t<h2 class=\"elementor-heading-title elementor-size-default\">CONTACTA'M<\/h2>\t\t\t\t<\/div>\n\t\t\t\t<\/div>\n\t\t\t\t<div class=\"elementor-element elementor-element-542aad0 elementor-widget__width-initial elementor-widget elementor-widget-text-editor\" data-id=\"542aad0\" data-element_type=\"widget\" data-widget_type=\"text-editor.default\">\n\t\t\t\t<div class=\"elementor-widget-container\">\n\t\t\t\t\t\t\t\t\t<p>Aqu\u00ed estic si sents que et puc acompanyar.<\/p>\t\t\t\t\t\t\t\t<\/div>\n\t\t\t\t<\/div>\n\t\t\t\t<div class=\"elementor-element elementor-element-9f4edbe elementor-align-center elementor-widget elementor-widget-button\" data-id=\"9f4edbe\" data-element_type=\"widget\" data-widget_type=\"button.default\">\n\t\t\t\t<div class=\"elementor-widget-container\">\n\t\t\t\t\t\t\t\t\t<div class=\"elementor-button-wrapper\">\n\t\t\t\t\t<a class=\"elementor-button elementor-button-link elementor-size-sm\" href=\"https:\/\/martamitxelena.com\/cat\/contacto\/\">\n\t\t\t\t\t\t<span class=\"elementor-button-content-wrapper\">\n\t\t\t\t\t\t\t\t\t<span class=\"elementor-button-text\">CONTACTAR<\/span>\n\t\t\t\t\t<\/span>\n\t\t\t\t\t<\/a>\n\t\t\t\t<\/div>\n\t\t\t\t\t\t\t\t<\/div>\n\t\t\t\t<\/div>\n\t\t\t\t\t<\/div>\n\t\t\t\t<\/div>\n\t\t\t\t<\/div>","protected":false},"excerpt":{"rendered":"<p>Servicios y terapias Terapia presencial Terapia online TERAPIA INDIVIDUAL La terapia individual es un espacio de intimidad contigo misma donde poder explorar tu mundo intrapersonal para comprenderte y orientarte mejor en tu vida. El mundo intrapersonal es \u00fanico en cada persona y engloba la parte de sensaciones corporales, emociones, pensamientos, darse cuentas, aprendizajes, conclusiones y [&hellip;]<\/p>","protected":false},"author":1,"featured_media":0,"parent":0,"menu_order":0,"comment_status":"closed","ping_status":"closed","template":"","meta":{"footnotes":""},"class_list":["post-69","page","type-page","status-publish","hentry"],"yoast_head":"<title>Servicios - Marta Mitxelena<\/title>\n<meta name=\"robots\" content=\"index, follow, max-snippet:-1, max-image-preview:large, max-video-preview:-1\" \/>\n<link rel=\"canonical\" href=\"https:\/\/martamitxelena.com\/cat\/servicios\/\" \/>\n<meta property=\"og:locale\" content=\"ca_ES\" \/>\n<meta property=\"og:type\" content=\"article\" \/>\n<meta property=\"og:title\" content=\"Servicios - Marta Mitxelena\" \/>\n<meta property=\"og:description\" content=\"Servicios y terapias Terapia presencial Terapia online TERAPIA INDIVIDUAL La terapia individual es un espacio de intimidad contigo misma donde poder explorar tu mundo intrapersonal para comprenderte y orientarte mejor en tu vida. El mundo intrapersonal es \u00fanico en cada persona y engloba la parte de sensaciones corporales, emociones, pensamientos, darse cuentas, aprendizajes, conclusiones y [&hellip;]\" \/>\n<meta property=\"og:url\" content=\"https:\/\/martamitxelena.com\/cat\/servicios\/\" \/>\n<meta property=\"og:site_name\" content=\"Marta Mitxelena\" \/>\n<meta property=\"article:modified_time\" content=\"2024-12-28T16:02:43+00:00\" \/>\n<meta property=\"og:image\" content=\"https:\/\/martamitxelena.com\/wp-content\/uploads\/2024\/07\/Marta-Mitxelena-6-e1721387873503.png\" \/>\n\t<meta property=\"og:image:width\" content=\"260\" \/>\n\t<meta property=\"og:image:height\" content=\"270\" \/>\n\t<meta property=\"og:image:type\" content=\"image\/png\" \/>\n<meta name=\"twitter:card\" content=\"summary_large_image\" \/>\n<meta name=\"twitter:label1\" content=\"Temps estimat de lectura\" \/>\n\t<meta name=\"twitter:data1\" content=\"4 minuts\" \/>\n<script type=\"application\/ld+json\" class=\"yoast-schema-graph\">{\"@context\":\"https:\/\/schema.org\",\"@graph\":[{\"@type\":\"WebPage\",\"@id\":\"https:\/\/martamitxelena.com\/servicios\/\",\"url\":\"https:\/\/martamitxelena.com\/servicios\/\",\"name\":\"Servicios - Marta Mitxelena\",\"isPartOf\":{\"@id\":\"https:\/\/martamitxelena.com\/#website\"},\"primaryImageOfPage\":{\"@id\":\"https:\/\/martamitxelena.com\/servicios\/#primaryimage\"},\"image\":{\"@id\":\"https:\/\/martamitxelena.com\/servicios\/#primaryimage\"},\"thumbnailUrl\":\"https:\/\/martamitxelena.com\/wp-content\/uploads\/2024\/07\/Marta-Mitxelena-6-e1721387873503.png\",\"datePublished\":\"2024-07-19T12:45:50+00:00\",\"dateModified\":\"2024-12-28T16:02:43+00:00\",\"breadcrumb\":{\"@id\":\"https:\/\/martamitxelena.com\/servicios\/#breadcrumb\"},\"inLanguage\":\"ca\",\"potentialAction\":[{\"@type\":\"ReadAction\",\"target\":[\"https:\/\/martamitxelena.com\/servicios\/\"]}]},{\"@type\":\"ImageObject\",\"inLanguage\":\"ca\",\"@id\":\"https:\/\/martamitxelena.com\/servicios\/#primaryimage\",\"url\":\"https:\/\/martamitxelena.com\/wp-content\/uploads\/2024\/07\/Marta-Mitxelena-6-e1721387873503.png\",\"contentUrl\":\"https:\/\/martamitxelena.com\/wp-content\/uploads\/2024\/07\/Marta-Mitxelena-6-e1721387873503.png\"},{\"@type\":\"BreadcrumbList\",\"@id\":\"https:\/\/martamitxelena.com\/servicios\/#breadcrumb\",\"itemListElement\":[{\"@type\":\"ListItem\",\"position\":1,\"name\":\"Portada\",\"item\":\"https:\/\/martamitxelena.com\/\"},{\"@type\":\"ListItem\",\"position\":2,\"name\":\"Servicios\"}]},{\"@type\":\"WebSite\",\"@id\":\"https:\/\/martamitxelena.com\/#website\",\"url\":\"https:\/\/martamitxelena.com\/\",\"name\":\"Marta Mitxelena\",\"description\":\"Gestalt Trauma Formaci\u00f3n Supervisi\u00f3n\",\"publisher\":{\"@id\":\"https:\/\/martamitxelena.com\/#organization\"},\"potentialAction\":[{\"@type\":\"SearchAction\",\"target\":{\"@type\":\"EntryPoint\",\"urlTemplate\":\"https:\/\/martamitxelena.com\/?s={search_term_string}\"},\"query-input\":{\"@type\":\"PropertyValueSpecification\",\"valueRequired\":true,\"valueName\":\"search_term_string\"}}],\"inLanguage\":\"ca\"},{\"@type\":\"Organization\",\"@id\":\"https:\/\/martamitxelena.com\/#organization\",\"name\":\"Marta Mitxelena\",\"url\":\"https:\/\/martamitxelena.com\/\",\"logo\":{\"@type\":\"ImageObject\",\"inLanguage\":\"ca\",\"@id\":\"https:\/\/martamitxelena.com\/#\/schema\/logo\/image\/\",\"url\":\"https:\/\/martamitxelena.com\/wp-content\/uploads\/2024\/07\/Marta-Mitxelena-7-e1721386948471.png\",\"contentUrl\":\"https:\/\/martamitxelena.com\/wp-content\/uploads\/2024\/07\/Marta-Mitxelena-7-e1721386948471.png\",\"width\":921,\"height\":173,\"caption\":\"Marta Mitxelena\"},\"image\":{\"@id\":\"https:\/\/martamitxelena.com\/#\/schema\/logo\/image\/\"},\"sameAs\":[\"https:\/\/www.linkedin.com\/in\/marta-michelena-56b18718b\/\"]}]}<\/script>","yoast_head_json":{"title":"Servicios - Marta Mitxelena","robots":{"index":"index","follow":"follow","max-snippet":"max-snippet:-1","max-image-preview":"max-image-preview:large","max-video-preview":"max-video-preview:-1"},"canonical":"https:\/\/martamitxelena.com\/cat\/servicios\/","og_locale":"ca_ES","og_type":"article","og_title":"Servicios - Marta Mitxelena","og_description":"Servicios y terapias Terapia presencial Terapia online TERAPIA INDIVIDUAL La terapia individual es un espacio de intimidad contigo misma donde poder explorar tu mundo intrapersonal para comprenderte y orientarte mejor en tu vida. El mundo intrapersonal es \u00fanico en cada persona y engloba la parte de sensaciones corporales, emociones, pensamientos, darse cuentas, aprendizajes, conclusiones y [&hellip;]","og_url":"https:\/\/martamitxelena.com\/cat\/servicios\/","og_site_name":"Marta Mitxelena","article_modified_time":"2024-12-28T16:02:43+00:00","og_image":[{"width":260,"height":270,"url":"https:\/\/martamitxelena.com\/wp-content\/uploads\/2024\/07\/Marta-Mitxelena-6-e1721387873503.png","type":"image\/png"}],"twitter_card":"summary_large_image","twitter_misc":{"Temps estimat de lectura":"4 minuts"},"schema":{"@context":"https:\/\/schema.org","@graph":[{"@type":"WebPage","@id":"https:\/\/martamitxelena.com\/servicios\/","url":"https:\/\/martamitxelena.com\/servicios\/","name":"Servicios - Marta Mitxelena","isPartOf":{"@id":"https:\/\/martamitxelena.com\/#website"},"primaryImageOfPage":{"@id":"https:\/\/martamitxelena.com\/servicios\/#primaryimage"},"image":{"@id":"https:\/\/martamitxelena.com\/servicios\/#primaryimage"},"thumbnailUrl":"https:\/\/martamitxelena.com\/wp-content\/uploads\/2024\/07\/Marta-Mitxelena-6-e1721387873503.png","datePublished":"2024-07-19T12:45:50+00:00","dateModified":"2024-12-28T16:02:43+00:00","breadcrumb":{"@id":"https:\/\/martamitxelena.com\/servicios\/#breadcrumb"},"inLanguage":"ca","potentialAction":[{"@type":"ReadAction","target":["https:\/\/martamitxelena.com\/servicios\/"]}]},{"@type":"ImageObject","inLanguage":"ca","@id":"https:\/\/martamitxelena.com\/servicios\/#primaryimage","url":"https:\/\/martamitxelena.com\/wp-content\/uploads\/2024\/07\/Marta-Mitxelena-6-e1721387873503.png","contentUrl":"https:\/\/martamitxelena.com\/wp-content\/uploads\/2024\/07\/Marta-Mitxelena-6-e1721387873503.png"},{"@type":"BreadcrumbList","@id":"https:\/\/martamitxelena.com\/servicios\/#breadcrumb","itemListElement":[{"@type":"ListItem","position":1,"name":"Portada","item":"https:\/\/martamitxelena.com\/"},{"@type":"ListItem","position":2,"name":"Servicios"}]},{"@type":"WebSite","@id":"https:\/\/martamitxelena.com\/#website","url":"https:\/\/martamitxelena.com\/","name":"Marta Mitxelena","description":"Gestalt Trauma Formaci\u00f3n Supervisi\u00f3n","publisher":{"@id":"https:\/\/martamitxelena.com\/#organization"},"potentialAction":[{"@type":"SearchAction","target":{"@type":"EntryPoint","urlTemplate":"https:\/\/martamitxelena.com\/?s={search_term_string}"},"query-input":{"@type":"PropertyValueSpecification","valueRequired":true,"valueName":"search_term_string"}}],"inLanguage":"ca"},{"@type":"Organization","@id":"https:\/\/martamitxelena.com\/#organization","name":"Marta Mitxelena","url":"https:\/\/martamitxelena.com\/","logo":{"@type":"ImageObject","inLanguage":"ca","@id":"https:\/\/martamitxelena.com\/#\/schema\/logo\/image\/","url":"https:\/\/martamitxelena.com\/wp-content\/uploads\/2024\/07\/Marta-Mitxelena-7-e1721386948471.png","contentUrl":"https:\/\/martamitxelena.com\/wp-content\/uploads\/2024\/07\/Marta-Mitxelena-7-e1721386948471.png","width":921,"height":173,"caption":"Marta Mitxelena"},"image":{"@id":"https:\/\/martamitxelena.com\/#\/schema\/logo\/image\/"},"sameAs":["https:\/\/www.linkedin.com\/in\/marta-michelena-56b18718b\/"]}]}},"_links":{"self":[{"href":"https:\/\/martamitxelena.com\/cat\/wp-json\/wp\/v2\/pages\/69","targetHints":{"allow":["GET"]}}],"collection":[{"href":"https:\/\/martamitxelena.com\/cat\/wp-json\/wp\/v2\/pages"}],"about":[{"href":"https:\/\/martamitxelena.com\/cat\/wp-json\/wp\/v2\/types\/page"}],"author":[{"embeddable":true,"href":"https:\/\/martamitxelena.com\/cat\/wp-json\/wp\/v2\/users\/1"}],"replies":[{"embeddable":true,"href":"https:\/\/martamitxelena.com\/cat\/wp-json\/wp\/v2\/comments?post=69"}],"version-history":[{"count":0,"href":"https:\/\/martamitxelena.com\/cat\/wp-json\/wp\/v2\/pages\/69\/revisions"}],"wp:attachment":[{"href":"https:\/\/martamitxelena.com\/cat\/wp-json\/wp\/v2\/media?parent=69"}],"curies":[{"name":"wp","href":"https:\/\/api.w.org\/{rel}","templated":true}]}}